{"id":9,"date":"2014-01-19T14:33:02","date_gmt":"2014-01-19T14:33:02","guid":{"rendered":"http:\/\/conferinte.juridice.ro\/probleme-dificile-de-procedura-civila-2014\/?page_id=9"},"modified":"2014-02-20T23:39:10","modified_gmt":"2014-02-20T23:39:10","slug":"despre-eveniment","status":"publish","type":"page","link":"https:\/\/conferinte.juridice.ro\/probleme-dificile-de-procedura-civila-2014\/","title":{"rendered":"Prezentare"},"content":{"rendered":"<p>Societatea de \u0218tiin\u021be Juridice \u0219i <span style=\"color: #ff0000;\"><strong>JURIDICE<\/strong>.ro<\/span> v\u0103 invit\u0103 la conferin\u021ba<\/p>\n<h1 style=\"text-align: center;\">Probleme dificile de procedur\u0103 civil\u0103<\/h1>\n<p style=\"text-align: center;\">Palatul Camerei de Comer\u021b \u0219i Industrie a Rom\u00e2niei, Amfiteatrul Al. I. Cuza<\/p>\n<p style=\"text-align: center;\">Bucure\u0219ti, 21-22 februarie 2014<\/p>\n<p style=\"text-align: center;\">Acreditare INPPA:\u00a0<strong><span style=\"color: #ff0000;\">15 puncte<\/span><\/strong><\/p>\n<p><em>Pentru profesioni\u0219tii dreptului, angrena\u021bi cu to\u021bii \u00een modernizarea societ\u0103\u021bii rom\u00e2ne\u0219ti, Codul de procedur\u0103 civil\u0103 este instrumentul esen\u021bial pentru rezolvarea conflictelor dintre justi\u021biabilii care apeleaz\u0103 cu \u00eencredere \u0219i interes la sistemul judiciar. Din aceast\u0103 perspectiv\u0103, Codul de procedur\u0103 civil\u0103 este probabil, dup\u0103 Constitu\u021bie, cea mai important\u0103 lege a Rom\u00e2niei.<\/em><\/p>\n<p>V\u0103 propunem o abordare frontal\u0103 a problemelor pe care Codul de procedur\u0103 civil\u0103 le ridic\u0103. <a href=\"http:\/\/www.juridice.ro\/213339\/probleme-dificile-de-procedura-civila-2013.html\" target=\"_blank\">Prima edi\u021bie a conferin\u021bei <strong>Probleme dificile de procedur\u0103 civil\u0103<\/strong><\/a>\u00a0a avut un succes r\u0103sun\u0103tor. Cea de a II-a edi\u021bie a conferin\u021bei\u00a0reune\u0219te\u00a0speciali\u0219ti prestigio\u0219i \u0219i profesioni\u0219ti cu experien\u021b\u0103. V\u0103 invit\u0103m s\u0103-i urm\u0103ri\u021bi \u0219i s\u0103 intra\u021bi \u00een dialog.<\/p>\n<p><em>Pe parcursul a dou\u0103 zile, dezbaterile vor eviden\u021bia probleme \u0219i vor dezv\u0103lui solu\u021bii, aduc\u00e2nd o lumin\u0103 proasp\u0103t\u0103 \u0219i \u00eencurajatoare pentru profesioni\u0219tii dreptului.<\/em><\/p>\n<hr \/>\n<p><strong>Conceptul evenimentului<\/strong><br \/>\nFiecare speaker va realiza\u00a0abord\u0103ri punctuale:<br \/>\n&#8211; prezint\u0103 o <a href=\"http:\/\/conferinte.juridice.ro\/probleme-dificile-de-procedura-civila-2014\/tematica\">problema dificil\u0103<\/a>, ar\u0103t\u00e2nd \u00een ce const\u0103 dificultatea (ex.: textul poate fi interpretat \u00een mod diferit, textul nu se coreleaz\u0103 cu alt text, textul intr\u0103 \u00een contradic\u021bie cu un text dintr-o alt\u0103 reglementare, textul na\u0219te jurispruden\u021b\u0103 divergent\u0103, textul nu este suficient de clar, textul este criticabil&#8230;)<br \/>\n&#8211; propune o solu\u021bie de rezolvare a dificult\u0103\u021bii, \u0219i<br \/>\n&#8211; discut\u0103 cu participan\u021bii pe marginea problemei \u0219i r\u0103spunde la \u00eentreb\u0103ri.<\/p>\n<hr \/>\n<p>Pentru a provoca <a href=\"http:\/\/conferinte.juridice.ro\/probleme-dificile-de-procedura-civila-2014\/speakeri\">speakerii<\/a> s\u0103 abordeze probleme pe care le considera\u021bi interesante, \u00een leg\u0103tur\u0103 cu aspectele la care ace\u0219tia se vor referi \u00een cadrul interven\u021biilor, v\u0103 rug\u0103m s\u0103 ne scrie\u021bi folosind\u00a0<a href=\"http:\/\/conferinte.juridice.ro\/probleme-dificile-de-procedura-civila-2014\/contact\">pagina de contact<\/a>.<\/p>\n<hr \/>\n<p><strong>Comitetul de organizare<\/strong>: dr. Andrei S\u0102VESCU, Marinela CIOROAB\u0102, dr. Cosmin VASILE, drd. Liviu-Alexandru VIOREL, drd. Georgeana VIOREL, dr. Oana ISPAS, drd. Lauren\u021biu PETRE<\/p>\n<p><a title=\"PDPC 2014\" href=\"http:\/\/conferinte.juridice.ro\/probleme-dificile-de-procedura-civila-2014\/inscrieri\" target=\"_blank\"><img loading=\"lazy\" decoding=\"async\" class=\"size-full wp-image-217 aligncenter\" alt=\"poster Procedura civila XX_final\" src=\"http:\/\/conferinte.juridice.ro\/probleme-dificile-de-procedura-civila-2014\/wp-content\/uploads\/2014\/01\/poster-Procedura-civila-XX_final.jpg\" width=\"1789\" height=\"2515\" srcset=\"https:\/\/conferinte.juridice.ro\/probleme-dificile-de-procedura-civila-2014\/wp-content\/uploads\/2014\/01\/poster-Procedura-civila-XX_final.jpg 1789w, https:\/\/conferinte.juridice.ro\/probleme-dificile-de-procedura-civila-2014\/wp-content\/uploads\/2014\/01\/poster-Procedura-civila-XX_final-213x300.jpg 213w, https:\/\/conferinte.juridice.ro\/probleme-dificile-de-procedura-civila-2014\/wp-content\/uploads\/2014\/01\/poster-Procedura-civila-XX_final-728x1024.jpg 728w\" sizes=\"auto, (max-width: 1789px) 100vw, 1789px\" \/><\/a><\/p>\n","protected":false},"excerpt":{"rendered":"<p>Societatea de \u0218tiin\u021be Juridice \u0219i JURIDICE.ro v\u0103 invit\u0103 la conferin\u021ba Probleme dificile de procedur\u0103 civil\u0103 Palatul Camerei de Comer\u021b \u0219i Industrie a Rom\u00e2niei, Amfiteatrul Al. I. Cuza Bucure\u0219ti, 21-22 februarie 2014 Acreditare INPPA:\u00a015 puncte Pentru profesioni\u0219tii dreptului, angrena\u021bi cu to\u021bii \u00een modernizarea societ\u0103\u021bii rom\u00e2ne\u0219ti, Codul de procedur\u0103 civil\u0103 este instrumentul esen\u021bial pentru rezolvarea conflictelor dintre [&hellip;]<\/p>\n","protected":false},"author":1,"featured_media":0,"parent":0,"menu_order":1,"comment_status":"open","ping_status":"open","template":"","meta":{"footnotes":""},"class_list":["post-9","page","type-page","status-publish","hentry"],"_links":{"self":[{"href":"https:\/\/conferinte.juridice.ro\/probleme-dificile-de-procedura-civila-2014\/wp-json\/wp\/v2\/pages\/9","targetHints":{"allow":["GET"]}}],"collection":[{"href":"https:\/\/conferinte.juridice.ro\/probleme-dificile-de-procedura-civila-2014\/wp-json\/wp\/v2\/pages"}],"about":[{"href":"https:\/\/conferinte.juridice.ro\/probleme-dificile-de-procedura-civila-2014\/wp-json\/wp\/v2\/types\/page"}],"author":[{"embeddable":true,"href":"https:\/\/conferinte.juridice.ro\/probleme-dificile-de-procedura-civila-2014\/wp-json\/wp\/v2\/users\/1"}],"replies":[{"embeddable":true,"href":"https:\/\/conferinte.juridice.ro\/probleme-dificile-de-procedura-civila-2014\/wp-json\/wp\/v2\/comments?post=9"}],"version-history":[{"count":32,"href":"https:\/\/conferinte.juridice.ro\/probleme-dificile-de-procedura-civila-2014\/wp-json\/wp\/v2\/pages\/9\/revisions"}],"predecessor-version":[{"id":267,"href":"https:\/\/conferinte.juridice.ro\/probleme-dificile-de-procedura-civila-2014\/wp-json\/wp\/v2\/pages\/9\/revisions\/267"}],"wp:attachment":[{"href":"https:\/\/conferinte.juridice.ro\/probleme-dificile-de-procedura-civila-2014\/wp-json\/wp\/v2\/media?parent=9"}],"curies":[{"name":"wp","href":"https:\/\/api.w.org\/{rel}","templated":true}]}}