{"id":89,"date":"2014-01-19T17:31:33","date_gmt":"2014-01-19T17:31:33","guid":{"rendered":"http:\/\/conferinte.juridice.ro\/probleme-dificile-de-procedura-civila-2014\/?page_id=89"},"modified":"2014-02-19T22:14:51","modified_gmt":"2014-02-19T22:14:51","slug":"program","status":"publish","type":"page","link":"https:\/\/conferinte.juridice.ro\/probleme-dificile-de-procedura-civila-2014\/program","title":{"rendered":"Program"},"content":{"rendered":"<p><strong>Vineri, 21 februarie 2014<\/strong><\/p>\n<p><em>08:00-09:00 &#8211; \u00cenregistrarea participan\u021bilor, coffee talk<\/em><\/p>\n<p>09:00-13:00 &#8211; Panel 1<br \/>\n<a href=\"http:\/\/conferinte.juridice.ro\/probleme-dificile-de-procedura-civila-2014\/speakeri\">Speakeri<\/a>:\u00a0dr. <strong>Gheorghe Florea<\/strong> (alocu\u021biune introductiv\u0103) | prof. univ. dr. <\/span><strong>Valeriu Stoica<\/strong><span> | prof. univ. dr. <\/span><strong>Gheorghe Buta<\/strong> | <strong>Roxana Popa<\/strong><span style=\"line-height: 1.5em;\">\u00a0| Moderatori: <strong>Bogdan Dumitrache<\/strong>, Andrei S\u0103vescu<br \/>\n<a href=\"http:\/\/conferinte.juridice.ro\/probleme-dificile-de-procedura-civila-2014\/tematica\">Tematica<\/a>: Procedura special\u0103 privind \u00eenscrierea drepturilor dob\u00e2ndite prin uzucapiune | Procedura de informare asupra avantajelor medierii | Competen\u021ba teritorial\u0103. Alegerea de competen\u021b\u0103<\/p>\n<p><em>13:00-14:00 &#8211; Pauz\u0103 de pr\u00e2nz<\/em><\/p>\n<p>14:00-18:00 &#8211; Panel 2<br \/>\n<a href=\"http:\/\/conferinte.juridice.ro\/probleme-dificile-de-procedura-civila-2014\/speakeri\">Speakeri<\/a>: dr. <strong>Claudiu Dinu<\/strong> | dr. <strong>Cosmin Vasile<\/strong> | <strong>Robert Ro\u0219u<\/strong> | <strong>Cristian Militaru<\/strong>\u00a0|\u00a0Moderatori: <strong>Bogdan Dumitrache<\/strong>, Andrei S\u0103vescu<br \/>\n<a href=\"http:\/\/conferinte.juridice.ro\/probleme-dificile-de-procedura-civila-2014\/tematica\">Tematica<\/a>: Ordonan\u021ba pre\u0219edin\u021bial\u0103. Neaplicarea dispozi\u021biilor privind cercetarea fondului | Procedura ordonan\u021bei de plat\u0103 | Situa\u021bia procesual\u0103 a \u00eenstr\u0103in\u0103torului \u0219i a succesorilor s\u0103i | Introducerea \u00een cauz\u0103 a altor persoane | Capacitatea procesual\u0103 de folosin\u021b\u0103 | Hot\u0103r\u00e2rea prealabil\u0103 pentru dezlegarea unor chestiuni de drept | Evacuarea din imobilele folosite sau ocupate f\u0103r\u0103 drept<\/p>\n<p><strong>S\u00e2mb\u0103t\u0103, 22 februarie 2014<\/strong><\/p>\n<p><em>08:30-09:00 &#8211; \u00cenregistrare participan\u021bi, coffee talk<\/em><\/p>\n<p>09:00-13:00 &#8211; Panel 3<br \/>\n<a href=\"http:\/\/conferinte.juridice.ro\/probleme-dificile-de-procedura-civila-2014\/speakeri\">Speakeri<\/a>: dr. <strong>Liviu Zidaru<\/strong> | dr. <strong>Ion Dragne<\/strong> | dr. <strong>Mircea Ursu\u021ba<\/strong> | dr. <strong>Sonia Florea<\/strong>\u00a0| drd. <strong>Delia Theohari<\/strong> | Moderatori: <strong>Bogdan Dumitrache<\/strong>, Andrei S\u0103vescu<br \/>\n<a href=\"http:\/\/conferinte.juridice.ro\/probleme-dificile-de-procedura-civila-2014\/tematica\">Tematica<\/a>: Regularizarea cererii de chemare \u00een judecat\u0103. Precizarea obiectului \u00een scopul timbrajului | Timbraj \u0219i competen\u021b\u0103 dup\u0103 valoare | Estimarea duratei cercet\u0103rii procesului | Taxa de timbru \u0219i regularizarea cererii de chemare \u00een judecat\u0103 | Regularizarea cererii de chemare \u00een judecat\u0103. Elementele a c\u0103ror lips\u0103 atrage anulare cererii | Probe la primul termen de judecat\u0103 | Terminarea cercet\u0103rii procesului \u0219i dezbaterea fondului | Efectul nedepunerii \u00eent\u00e2mpin\u0103rii cu privire la probe | M\u0103suri provizorii \u00een materia drepturilor de proprietate intelectual\u0103 | Contraproba<\/p>\n<p><em>13:00 &#8211; \u00cenchiderea lucr\u0103rilor<\/em><\/p>\n<p><i>* Pe tot parcursul evenimentului vor fi disponibile: cafea, ap\u0103, b\u0103uturi r\u0103coritoare, gust\u0103ri reci \u0219i produse de patiserie.<\/i><\/p>\n","protected":false},"excerpt":{"rendered":"<p>Vineri, 21 februarie 2014 08:00-09:00 &#8211; \u00cenregistrarea participan\u021bilor, coffee talk 09:00-13:00 &#8211; Panel 1 Speakeri:\u00a0dr. Gheorghe Florea (alocu\u021biune introductiv\u0103) | prof. univ. dr. Valeriu Stoica | prof. univ. dr. Gheorghe Buta | Roxana Popa\u00a0| Moderatori: Bogdan Dumitrache, Andrei S\u0103vescu Tematica: Procedura special\u0103 privind \u00eenscrierea drepturilor dob\u00e2ndite prin uzucapiune | Procedura de informare asupra avantajelor medierii [&hellip;]<\/p>\n","protected":false},"author":1,"featured_media":0,"parent":0,"menu_order":2,"comment_status":"open","ping_status":"open","template":"","meta":{"footnotes":""},"class_list":["post-89","page","type-page","status-publish","hentry"],"_links":{"self":[{"href":"https:\/\/conferinte.juridice.ro\/probleme-dificile-de-procedura-civila-2014\/wp-json\/wp\/v2\/pages\/89","targetHints":{"allow":["GET"]}}],"collection":[{"href":"https:\/\/conferinte.juridice.ro\/probleme-dificile-de-procedura-civila-2014\/wp-json\/wp\/v2\/pages"}],"about":[{"href":"https:\/\/conferinte.juridice.ro\/probleme-dificile-de-procedura-civila-2014\/wp-json\/wp\/v2\/types\/page"}],"author":[{"embeddable":true,"href":"https:\/\/conferinte.juridice.ro\/probleme-dificile-de-procedura-civila-2014\/wp-json\/wp\/v2\/users\/1"}],"replies":[{"embeddable":true,"href":"https:\/\/conferinte.juridice.ro\/probleme-dificile-de-procedura-civila-2014\/wp-json\/wp\/v2\/comments?post=89"}],"version-history":[{"count":36,"href":"https:\/\/conferinte.juridice.ro\/probleme-dificile-de-procedura-civila-2014\/wp-json\/wp\/v2\/pages\/89\/revisions"}],"predecessor-version":[{"id":238,"href":"https:\/\/conferinte.juridice.ro\/probleme-dificile-de-procedura-civila-2014\/wp-json\/wp\/v2\/pages\/89\/revisions\/238"}],"wp:attachment":[{"href":"https:\/\/conferinte.juridice.ro\/probleme-dificile-de-procedura-civila-2014\/wp-json\/wp\/v2\/media?parent=89"}],"curies":[{"name":"wp","href":"https:\/\/api.w.org\/{rel}","templated":true}]}}