{"id":16,"date":"2014-01-19T14:39:46","date_gmt":"2014-01-19T14:39:46","guid":{"rendered":"http:\/\/conferinte.juridice.ro\/probleme-dificile-de-procedura-civila-2014\/?page_id=16"},"modified":"2014-02-17T17:44:39","modified_gmt":"2014-02-17T17:44:39","slug":"inscrieri","status":"publish","type":"page","link":"https:\/\/conferinte.juridice.ro\/probleme-dificile-de-procedura-civila-2014\/inscrieri","title":{"rendered":"\u00censcrieri"},"content":{"rendered":"<p><strong>Tax\u0103 de participare<\/strong><br \/>\n400 lei + TVA (acces \u00eenregistrare video inclus)<\/p>\n<p>Num\u0103rul de locuri este limitat (300). Joi, 13 februarie 2014: <strong>43<\/strong>\u00a0locuri libere.<\/p>\n<hr>\n<p>Pentru acces <strong>transmisiune <span style=\"color: #ff0000;\">LIVE<\/span><\/strong> cu drept de proiec\u021bie \u00een sal\u0103 799 lei (inclusiv TVA), sau pentru vizionare individual\u0103 99 lei (inclusiv TVA), v\u0103 rug\u0103m s\u0103 ne <a href=\"http:\/\/www.juridice.ro\/contact\/\">contacta\u021bi<\/a>.<\/p>\n<hr>\n<p><strong>Avantaje<\/strong><br \/>\n&#8211; acces nelimitat la <a title=\"video juridice\" href=\"http:\/\/video.juridice.ro\/\" target=\"_blank\"><strong><span style=\"color: #ff0000;\">VIDEO.JURIDICE.ro<\/span><\/strong><\/a> p\u00e2n\u0103 la 22 martie 2014\u00a0(acces la toate \u00eenregistr\u0103rile conferin\u021belor JURIDICE.ro de p\u00e2n\u0103 acum)<br \/>\n&#8211; reducere 25% pentru eviden\u021bierea avoca\u021bilor pledan\u021bi pe <span style=\"color: #ff0000;\"><a href=\"http:\/\/www.litigators.ro\" target=\"_blank\"><span style=\"color: #ff0000;\">LITIGATORS.ro<\/span><\/a><\/span><br \/>\n&#8211; acreditare INPPA: <span style=\"color: #ff0000;\">15 puncte<\/span><br \/>\n&#8211; un exemplar din\u00a0<span style=\"color: #ff0000;\"><a title=\"ncpc\" href=\"http:\/\/www.hamangiu.ro\/produse\/Noul-Cod-de-procedura-civila.-Legea-de-punere-in-aplicare.html\" target=\"_blank\"><span style=\"color: #ff0000;\">Codul de procedur\u0103 civil\u0103<\/span><\/a><\/span>\u00a0(pre\u021b: 25 lei), oferit de Editura Hamangiu<br \/>\n&#8211; t\u00e2rg de carte cu 20% reducere<\/p>\n<p><strong>Reduceri<\/strong><br \/>\nParticipan\u0163i din aceea\u015fi organiza\u0163ie: 15% reducere (340 lei + TVA)<br \/>\n<del datetime=\"2014-02-04T13:32:20+00:00\">\u00censcrieri p\u00e2n\u0103 la\u00a0<strong>31 ianuarie 2014<\/strong>: 10% reducere (360 lei + TVA)<\/del><br \/>\n<del datetime=\"2014-02-04T13:32:20+00:00\">Reducerile se cumuleaz\u0103: 25% reducere (300 lei + TVA)<\/del><br \/>\n<i>Ultima zi de \u00eenscrieri:\u00a0<strong>17 februarie 2014<\/strong><\/i><\/p>\n<p><strong>Informa\u0163ii suplimentare \u015fi \u00eentreb\u0103ri<\/strong><br \/>\nRoxana Tudoroiu, 0752.247.626, roxana.tudoroiu@juridice.ro \/ <a href=\"http:\/\/www.juridice.ro\/contact\/\">pagina de contact<\/a><\/p>\n","protected":false},"excerpt":{"rendered":"<p>Tax\u0103 de participare 400 lei + TVA (acces \u00eenregistrare video inclus) Num\u0103rul de locuri este limitat (300). Joi, 13 februarie 2014: 43\u00a0locuri libere. Pentru acces transmisiune LIVE cu drept de proiec\u021bie \u00een sal\u0103 799 lei (inclusiv TVA), sau pentru vizionare individual\u0103 99 lei (inclusiv TVA), v\u0103 rug\u0103m s\u0103 ne contacta\u021bi. Avantaje &#8211; acces nelimitat la [&hellip;]<\/p>\n","protected":false},"author":1,"featured_media":0,"parent":0,"menu_order":5,"comment_status":"open","ping_status":"open","template":"","meta":{"footnotes":""},"class_list":["post-16","page","type-page","status-publish","hentry"],"_links":{"self":[{"href":"https:\/\/conferinte.juridice.ro\/probleme-dificile-de-procedura-civila-2014\/wp-json\/wp\/v2\/pages\/16","targetHints":{"allow":["GET"]}}],"collection":[{"href":"https:\/\/conferinte.juridice.ro\/probleme-dificile-de-procedura-civila-2014\/wp-json\/wp\/v2\/pages"}],"about":[{"href":"https:\/\/conferinte.juridice.ro\/probleme-dificile-de-procedura-civila-2014\/wp-json\/wp\/v2\/types\/page"}],"author":[{"embeddable":true,"href":"https:\/\/conferinte.juridice.ro\/probleme-dificile-de-procedura-civila-2014\/wp-json\/wp\/v2\/users\/1"}],"replies":[{"embeddable":true,"href":"https:\/\/conferinte.juridice.ro\/probleme-dificile-de-procedura-civila-2014\/wp-json\/wp\/v2\/comments?post=16"}],"version-history":[{"count":52,"href":"https:\/\/conferinte.juridice.ro\/probleme-dificile-de-procedura-civila-2014\/wp-json\/wp\/v2\/pages\/16\/revisions"}],"predecessor-version":[{"id":234,"href":"https:\/\/conferinte.juridice.ro\/probleme-dificile-de-procedura-civila-2014\/wp-json\/wp\/v2\/pages\/16\/revisions\/234"}],"wp:attachment":[{"href":"https:\/\/conferinte.juridice.ro\/probleme-dificile-de-procedura-civila-2014\/wp-json\/wp\/v2\/media?parent=16"}],"curies":[{"name":"wp","href":"https:\/\/api.w.org\/{rel}","templated":true}]}}