{"id":2,"date":"2014-02-17T09:05:53","date_gmt":"2014-02-17T09:05:53","guid":{"rendered":"http:\/\/conferinte.juridice.ro\/probleme-dificile-de-drept-penal-2014\/?page_id=2"},"modified":"2014-04-01T20:22:57","modified_gmt":"2014-04-01T20:22:57","slug":"prezentare","status":"publish","type":"page","link":"https:\/\/conferinte.juridice.ro\/probleme-dificile-de-drept-penal-2014\/","title":{"rendered":"Prezentare"},"content":{"rendered":"<p>Societatea de \u0218tiin\u021be Juridice, <span style=\"color: #ff0000;\"><strong>JURIDICE<\/strong>.ro<\/span> \u0219i Universitatea Rom\u00e2no-American\u0103 v\u0103 invit\u0103 la conferin\u021ba extraordinar\u0103<\/p>\n<h1 style=\"text-align: center; font-size: 28px; margin-bottom: 30px;\">Conferin\u021ba Extraordinar\u0103 a Noilor Coduri Penale<\/h1>\n<p style=\"text-align: center;\">Universitatea Rom\u00e2no-American\u0103, Aula Magna<\/p>\n<p style=\"text-align: center;\">Bucure\u0219ti, 14-15 martie 2014<\/p>\n<p style=\"text-align: center;\">Acreditare INPPA: participare \u00een sal\u0103:\u00a0<strong><span style=\"color: #ff0000;\">15 puncte<\/span><\/strong>; online: <strong><span style=\"color: #ff0000;\">5 puncte<\/span><\/strong><\/p>\n<div class=\"casete-white\" style=\"text-align: center; color: red;\">Pentru \u00eenscrieri accesa\u021bi\u00a0<strong><a href=\"http:\/\/conferinte.juridice.ro\/probleme-dificile-de-drept-penal-2014\/inscrieri\/\">aceast\u0103 pagin\u0103<\/a><\/strong><\/div>\n<p>Conferin\u021ba se bucur\u0103 de participarea <a href=\"http:\/\/conferinte.juridice.ro\/probleme-dificile-de-drept-penal-2014\/program\/\">\u00eenal\u021bilor reprezentan\u021bi ai autorit\u0103\u021bilor<\/a> de implementare \u0219i aplicare a Noilor Coduri Penale.<\/p>\n<p><em>Noile coduri penale sunt o etap\u0103 nou\u0103 \u00een dezvoltarea societ\u0103\u021bii rom\u00e2ne\u0219ti&#8230; Instan\u021bele judec\u0103tore\u0219ti, parchetele \u0219i organele de poli\u021bie se confrunt\u0103 cu noi provoc\u0103ri, iar avoca\u021bii sunt primii chema\u021bi s\u0103 le genereze \u0219i s\u0103 propun\u0103 solu\u021bii. Conferin\u021ba JURIDICE.ro reune\u0219te profesori \u0219i practicieni renumi\u021bi, speciali\u0219ti prestigio\u0219i \u0219i profesioni\u0219ti cu experien\u021b\u0103. Speakerii vor eviden\u021bia elementele de noutate \u0219i, mai ales, problemele dificile pe care profesioni\u0219tii dreptului vor fi chema\u021bi s\u0103 le rezolve. V\u0103 invit\u0103m s\u0103-i urm\u0103ri\u021bi \u0219i s\u0103 intra\u021bi \u00een dialog.<\/em><\/p>\n<p><em>Pe parcursul a dou\u0103 zile, dezbaterile vor eviden\u021bia probleme \u0219i vor dezv\u0103lui solu\u021bii, aduc\u00e2nd o lumin\u0103 proasp\u0103t\u0103 \u0219i \u00eencurajatoare pentru profesioni\u0219tii dreptului.<\/em><\/p>\n<hr \/>\n<p><strong>Conceptul evenimentului<\/strong><br \/>\nFiecare speaker va realiza\u00a0abord\u0103ri punctuale:<br \/>\n&#8211; prezint\u0103 o <a href=\"http:\/\/conferinte.juridice.ro\/probleme-dificile-de-drept-penal-2014\/tematica\/\">problema dificil\u0103<\/a>, ar\u0103t\u00e2nd \u00een ce const\u0103 dificultatea (ex.: textul poate fi interpretat \u00een mod diferit, textul nu se coreleaz\u0103 cu alt text, textul intr\u0103 \u00een contradic\u021bie cu un text dintr-o alt\u0103 reglementare, textul na\u0219te jurispruden\u021b\u0103 divergent\u0103, textul nu este suficient de clar, textul este criticabil&#8230;)<br \/>\n&#8211; propune o solu\u021bie de rezolvare a dificult\u0103\u021bii, \u0219i<br \/>\n&#8211; discut\u0103 cu participan\u021bii pe marginea problemei \u0219i r\u0103spunde la \u00eentreb\u0103ri.<\/p>\n<hr \/>\n<p><a href=\"http:\/\/conferinte.juridice.ro\/probleme-dificile-de-drept-penal-2014\/inscrieri\/\"><img loading=\"lazy\" decoding=\"async\" class=\"alignleft\" alt=\"\" src=\"http:\/\/www.juridice.ro\/imagini\/depozit\/banner\/CENCP-s-1.png\" width=\"300\" height=\"250\" \/><\/a>Pentru a provoca <a href=\"http:\/\/conferinte.juridice.ro\/probleme-dificile-de-drept-penal-2014\/speakeri\/\">speakerii<\/a> s\u0103 abordeze probleme pe care le considera\u021bi interesante, \u00een leg\u0103tur\u0103 cu aspectele la care ace\u0219tia se vor referi \u00een cadrul interven\u021biilor, v\u0103 rug\u0103m s\u0103 ne scrie\u021bi folosind\u00a0<a href=\"http:\/\/www.juridice.ro\/contact\">pagina de contact<\/a>.<\/p>\n<p><strong>Comitetul de organizare<\/strong>: prof. univ. dr. Mihai HOTCA, av. Adrian PICHLER, lector univ. dr. Petru\u021b CIOBANU, lector univ. dr. Mihai OLARIU, lector univ. dr. Cristian Giuseppe ZAHARIE, dr. Andrei S\u0102VESCU, drd. Lauren\u021biu PETRE<\/p>\n<div class=\"casete-white\" style=\"text-align: center; color: red;\">Pentru \u00eenscrieri accesa\u021bi\u00a0<strong><a href=\"http:\/\/conferinte.juridice.ro\/probleme-dificile-de-drept-penal-2014\/inscrieri\/\">aceast\u0103 pagin\u0103<\/a><\/strong><\/div>\n","protected":false},"excerpt":{"rendered":"<p>Societatea de \u0218tiin\u021be Juridice, JURIDICE.ro \u0219i Universitatea Rom\u00e2no-American\u0103 v\u0103 invit\u0103 la conferin\u021ba extraordinar\u0103 Conferin\u021ba Extraordinar\u0103 a Noilor Coduri Penale Universitatea Rom\u00e2no-American\u0103, Aula Magna Bucure\u0219ti, 14-15 martie 2014 Acreditare INPPA: participare \u00een sal\u0103:\u00a015 puncte; online: 5 puncte Pentru \u00eenscrieri accesa\u021bi\u00a0aceast\u0103 pagin\u0103 Conferin\u021ba se bucur\u0103 de participarea \u00eenal\u021bilor reprezentan\u021bi ai autorit\u0103\u021bilor de implementare \u0219i aplicare a Noilor [&hellip;]<\/p>\n","protected":false},"author":1,"featured_media":0,"parent":0,"menu_order":1,"comment_status":"open","ping_status":"open","template":"","meta":{"footnotes":""},"class_list":["post-2","page","type-page","status-publish","hentry"],"_links":{"self":[{"href":"https:\/\/conferinte.juridice.ro\/probleme-dificile-de-drept-penal-2014\/wp-json\/wp\/v2\/pages\/2","targetHints":{"allow":["GET"]}}],"collection":[{"href":"https:\/\/conferinte.juridice.ro\/probleme-dificile-de-drept-penal-2014\/wp-json\/wp\/v2\/pages"}],"about":[{"href":"https:\/\/conferinte.juridice.ro\/probleme-dificile-de-drept-penal-2014\/wp-json\/wp\/v2\/types\/page"}],"author":[{"embeddable":true,"href":"https:\/\/conferinte.juridice.ro\/probleme-dificile-de-drept-penal-2014\/wp-json\/wp\/v2\/users\/1"}],"replies":[{"embeddable":true,"href":"https:\/\/conferinte.juridice.ro\/probleme-dificile-de-drept-penal-2014\/wp-json\/wp\/v2\/comments?post=2"}],"version-history":[{"count":72,"href":"https:\/\/conferinte.juridice.ro\/probleme-dificile-de-drept-penal-2014\/wp-json\/wp\/v2\/pages\/2\/revisions"}],"predecessor-version":[{"id":398,"href":"https:\/\/conferinte.juridice.ro\/probleme-dificile-de-drept-penal-2014\/wp-json\/wp\/v2\/pages\/2\/revisions\/398"}],"wp:attachment":[{"href":"https:\/\/conferinte.juridice.ro\/probleme-dificile-de-drept-penal-2014\/wp-json\/wp\/v2\/media?parent=2"}],"curies":[{"name":"wp","href":"https:\/\/api.w.org\/{rel}","templated":true}]}}