{"id":11,"date":"2014-02-17T09:11:05","date_gmt":"2014-02-17T09:11:05","guid":{"rendered":"http:\/\/conferinte.juridice.ro\/probleme-dificile-de-drept-penal-2014\/?page_id=11"},"modified":"2014-03-09T21:25:38","modified_gmt":"2014-03-09T21:25:38","slug":"inscrieri","status":"publish","type":"page","link":"https:\/\/conferinte.juridice.ro\/probleme-dificile-de-drept-penal-2014\/inscrieri\/","title":{"rendered":"\u00censcrieri"},"content":{"rendered":"<div style=\"float: right;\"><a href=\"http:\/\/conferinte.juridice.ro\/probleme-dificile-de-drept-penal-2014\/inscrieri\/persoane-fizice\/\"><img decoding=\"async\" onmouseover=\"this.src='http:\/\/www.juridice.ro\/imagini\/depozit\/varia\/cooltext1433935467MouseOver.png';\" onmouseout=\"this.src='http:\/\/www.juridice.ro\/imagini\/depozit\/varia\/cooltext1433935467.png';\" alt=\"\" src=\"http:\/\/www.juridice.ro\/imagini\/depozit\/varia\/cooltext1433935467.png\" \/><\/a><\/div>\n<div style=\"float: left;\"><a href=\"http:\/\/conferinte.juridice.ro\/probleme-dificile-de-drept-penal-2014\/inscrieri\/profesionisti\/\"><img loading=\"lazy\" decoding=\"async\" onmouseover=\"this.src='http:\/\/www.juridice.ro\/imagini\/depozit\/varia\/cooltext1433972889MouseOver.png';\" onmouseout=\"this.src='http:\/\/www.juridice.ro\/imagini\/depozit\/varia\/cooltext1433972889.png';\" alt=\"\" src=\"http:\/\/www.juridice.ro\/imagini\/depozit\/varia\/cooltext1433972889.png\" width=\"316\" height=\"59\" \/><\/a><\/div>\n<hr style=\"color: #fff; background-color: #fff;\" \/>\n<p><strong>Costuri<\/strong><br \/>\nParticipare \u00een sal\u0103: <strong>400<\/strong> lei + TVA (num\u0103r de locuri limitat)<br \/>\nTransmisiune LIVE online vizionare colectiv\u0103 (proiec\u021bie):\u00a0<strong>800<\/strong> lei + TVA<br \/>\nTransmisiune LIVE online vizionare individual\u0103: <strong>80<\/strong> lei + TVA<br \/>\n<em>* acces \u00eenregistrare video inclus<\/em><\/p>\n<hr \/>\n<p><strong>Reduceri pentru participare \u00een sal\u0103<\/strong><br \/>\nParticipan\u0163i din aceea\u015fi organiza\u0163ie: 15% reducere (340 lei + TVA)<br \/>\n<del datetime=\"2014-02-04T13:32:20+00:00\">\u00censcrieri p\u00e2n\u0103 la\u00a0<strong>28 februarie 2014<\/strong>: 10% reducere (360 lei + TVA)<\/del><br \/>\n<del datetime=\"2014-02-04T13:32:20+00:00\">Reducerile se cumuleaz\u0103: 25% reducere (300 lei + TVA)<\/del><br \/>\n<i>Ultima zi de \u00eenscrieri:\u00a0<strong>10 martie 2014<\/strong><\/i><\/p>\n<p><strong>Avantaje<\/strong><br \/>\n&#8211; reducere 50% pentru eviden\u021bierea <a href=\"http:\/\/specializari.juridice.ro\/profilarea-specializarii-profesionale\" target=\"_blank\">avoca\u021bilor speciali\u0219ti \u00een drept penal<\/a> \u00een cadrul sec\u021biunii <span style=\"color: #ff0000;\"><a href=\"http:\/\/specializari.juridice.ro\/avocati-drept-penal\" target=\"_blank\"><span style=\"color: #ff0000;\">Speciali\u0219ti<\/span><\/a><\/span> a JURIDICE.ro<br \/>\n&#8211; acreditare INPPA participare \u00een sal\u0103: <strong><span style=\"color: #ff0000;\">15 puncte<\/span><\/strong>; online: <strong><span style=\"color: #ff0000;\">5 puncte<\/span><\/strong><br \/>\n&#8211; primii 50 de profesioni\u0219ti \u00eenscri\u0219i vor primi cadou din partea editurii Universul Juridic, partenerul nostru, lucrarea <a href=\"http:\/\/universuljuridic.ro\/revista\/prezentare-comparativa-noul-si-vechiul-cod-de-procedura-penala\" target=\"_blank\"><strong>Prezentare comparativ\u0103. Noul \u0219i vechiul Cod de procedur\u0103 penal\u0103<\/strong><\/a> (edi\u021bie \u00eengrijit\u0103 de jud. conf. univ. dr. Dan Lupa\u0219cu)<\/p>\n<hr \/>\n<p>\u00cen virtutea protocolului de colaborare dintre Consiliul Superior al Magistraturii \u0219i Societatea de \u0218tiin\u021be Juridice, transmisiunea LIVE a conferin\u021bei va putea fi urm\u0103rit\u0103 de c\u0103tre judec\u0103tori \u0219i procurori \u00een interiorul contului EMAP.<\/p>\n<hr \/>\n<p><strong>Informa\u0163ii suplimentare \u015fi \u00eentreb\u0103ri<\/strong><br \/>\nRoxana Tudoroiu, 0752.247.626, roxana.tudoroiu@juridice.ro \/ <a href=\"http:\/\/www.juridice.ro\/contact\/\">pagina de contact<\/a><\/p>\n<div style=\"float: right;\"><a href=\"http:\/\/conferinte.juridice.ro\/probleme-dificile-de-drept-penal-2014\/inscrieri\/persoane-fizice\/\"><img decoding=\"async\" onmouseover=\"this.src='http:\/\/www.juridice.ro\/imagini\/depozit\/varia\/cooltext1433935467MouseOver.png';\" onmouseout=\"this.src='http:\/\/www.juridice.ro\/imagini\/depozit\/varia\/cooltext1433935467.png';\" alt=\"\" src=\"http:\/\/www.juridice.ro\/imagini\/depozit\/varia\/cooltext1433935467.png\" \/><\/a><\/div>\n<div style=\"float: left;\"><a href=\"http:\/\/conferinte.juridice.ro\/probleme-dificile-de-drept-penal-2014\/inscrieri\/profesionisti\/\"><img loading=\"lazy\" decoding=\"async\" onmouseover=\"this.src='http:\/\/www.juridice.ro\/imagini\/depozit\/varia\/cooltext1433972889MouseOver.png';\" onmouseout=\"this.src='http:\/\/www.juridice.ro\/imagini\/depozit\/varia\/cooltext1433972889.png';\" alt=\"\" src=\"http:\/\/www.juridice.ro\/imagini\/depozit\/varia\/cooltext1433972889.png\" width=\"316\" height=\"59\" \/><\/a><\/div>\n","protected":false},"excerpt":{"rendered":"<p>Costuri Participare \u00een sal\u0103: 400 lei + TVA (num\u0103r de locuri limitat) Transmisiune LIVE online vizionare colectiv\u0103 (proiec\u021bie):\u00a0800 lei + TVA Transmisiune LIVE online vizionare individual\u0103: 80 lei + TVA * acces \u00eenregistrare video inclus Reduceri pentru participare \u00een sal\u0103 Participan\u0163i din aceea\u015fi organiza\u0163ie: 15% reducere (340 lei + TVA) \u00censcrieri p\u00e2n\u0103 la\u00a028 februarie 2014: [&hellip;]<\/p>\n","protected":false},"author":1,"featured_media":0,"parent":0,"menu_order":5,"comment_status":"open","ping_status":"open","template":"","meta":{"footnotes":""},"class_list":["post-11","page","type-page","status-publish","hentry"],"_links":{"self":[{"href":"https:\/\/conferinte.juridice.ro\/probleme-dificile-de-drept-penal-2014\/wp-json\/wp\/v2\/pages\/11","targetHints":{"allow":["GET"]}}],"collection":[{"href":"https:\/\/conferinte.juridice.ro\/probleme-dificile-de-drept-penal-2014\/wp-json\/wp\/v2\/pages"}],"about":[{"href":"https:\/\/conferinte.juridice.ro\/probleme-dificile-de-drept-penal-2014\/wp-json\/wp\/v2\/types\/page"}],"author":[{"embeddable":true,"href":"https:\/\/conferinte.juridice.ro\/probleme-dificile-de-drept-penal-2014\/wp-json\/wp\/v2\/users\/1"}],"replies":[{"embeddable":true,"href":"https:\/\/conferinte.juridice.ro\/probleme-dificile-de-drept-penal-2014\/wp-json\/wp\/v2\/comments?post=11"}],"version-history":[{"count":45,"href":"https:\/\/conferinte.juridice.ro\/probleme-dificile-de-drept-penal-2014\/wp-json\/wp\/v2\/pages\/11\/revisions"}],"predecessor-version":[{"id":343,"href":"https:\/\/conferinte.juridice.ro\/probleme-dificile-de-drept-penal-2014\/wp-json\/wp\/v2\/pages\/11\/revisions\/343"}],"wp:attachment":[{"href":"https:\/\/conferinte.juridice.ro\/probleme-dificile-de-drept-penal-2014\/wp-json\/wp\/v2\/media?parent=11"}],"curies":[{"name":"wp","href":"https:\/\/api.w.org\/{rel}","templated":true}]}}