{"id":6,"date":"2014-08-31T23:41:32","date_gmt":"2014-08-31T21:41:32","guid":{"rendered":"http:\/\/conferinte.juridice.ro\/probleme-dificile-de-drept-civil-2014\/?page_id=6"},"modified":"2014-09-30T22:46:53","modified_gmt":"2014-09-30T20:46:53","slug":"program-si-tematica","status":"publish","type":"page","link":"https:\/\/conferinte.juridice.ro\/probleme-dificile-de-drept-civil-2014\/program-si-tematica\/","title":{"rendered":"Program \u015fi tematic\u0103"},"content":{"rendered":"<p><em>* Probleme de drept civil cu impact asupra mediului de afaceri<\/em><\/p>\n<h2><span style=\"color: #000000;\">Joi, 2 octombrie 2014, 09:00-18:00<\/span><\/h2>\n<h2><span style=\"color: #000000;\">09:00-10:30<\/span> PANEL 1<\/h2>\n<h1>1. Cauzele justificative &#8211; \u00eentre \u00eeng\u0103duin\u021ba legii \u0219i r\u0103spunderea civil\u0103<\/h1>\n<div class=\"casete-avocati-gold\"><a href=\"http:\/\/www.juridice.ro\/florin-streteanu\" target=\"_blank\"><img decoding=\"async\" class=\"alignnone\" src=\"http:\/\/www.juridice.ro\/imagini\/depozit\/oameni\/Florin-Streteanu.jpg\" alt=\"Florin STRETEANU\" \/><\/a>Prof. univ. dr. <a href=\"http:\/\/www.juridice.ro\/florin-streteanu\" target=\"_blank\">Florin STRETEANU<\/a><br \/>\nDecanul Facult\u0103\u021bii de Drept a Universit\u0103\u021bii Babe\u015f-Bolyai din Cluj-Napoca<\/div>\n<h1>2. Obliga\u021bia de a da \u00een afaceri<\/h1>\n<div class=\"casete-avocati-gold\"><a href=\"http:\/\/www.juridice.ro\/razvan-dinca\" target=\"_blank\"><img decoding=\"async\" class=\"alignnone\" src=\"http:\/\/www.juridice.ro\/imagini\/depozit\/oameni\/Razvan-Dinca2.png\" alt=\"R\u0103zvan DINC\u0102\" \/><\/a>Conf. univ. dr. <a href=\"http:\/\/www.juridice.ro\/razvan-dinca\" target=\"_blank\">R\u0103zvan DINC\u0102<\/a><br \/>\nProdecan Facultatea de Drept a Universit\u0103\u021bii din Bucure\u0219ti<\/div>\n<div>&nbsp;<\/div>\n<div class=\"casete-avocati-gold\"  style=\"width:400px;\"><a href=\"http:\/\/www.juridice.ro\/bogdan-dumitrache\" target=\"_blank\"><img decoding=\"async\" class=\"alignnone\" src=\"http:\/\/www.juridice.ro\/imagini\/depozit\/oameni\/Bogdan-Dumitrache.jpg\" alt=\"Bogdan DUMITRACHE\" \/><\/a><a href=\"http:\/\/www.juridice.ro\/bogdan-dumitrache\" target=\"_blank\">Bogdan DUMITRACHE<\/a>, <b>moderator<\/b><\/div>\n<h2><span style=\"color: #000000;\">10:30-11:00 Cofee break<\/span><\/h2>\n<h2><span style=\"color: #000000;\">11:00-12:30<\/span> PANEL 2<\/h2>\n<h1>3. Clauzele specifice ale contractului de comer\u021b interna\u021bional (art. 1201, 1202, 1203 NCC)<\/h1>\n<div class=\"casete-avocati-gold\"><a href=\"http:\/\/www.juridice.ro\/brandusa-stefanescu\" target=\"_blank\"><img decoding=\"async\" class=\"alignnone\" src=\"http:\/\/www.juridice.ro\/imagini\/depozit\/oameni\/Brandusa-Stefanescu.jpg\" alt=\"Br\u00e2ndu\u0219a \u0218TEF\u0102NESCU\" \/><\/a>Prof. univ. dr. <a href=\"http:\/\/www.juridice.ro\/brandusa-stefanescu\" target=\"_blank\">Br\u00e2ndu\u0219a \u0218TEF\u0102NESCU<\/a><br \/>\nCatedra de Drept a Academiei de Studii Economice<\/div>\n<h1>4. Salvgardarea contractului<\/h1>\n<div class=\"casete-avocati-gold\"><a href=\"http:\/\/www.juridice.ro\/bazil-oglinda\" target=\"_blank\"><img decoding=\"async\" class=\"alignnone\" src=\"http:\/\/www.juridice.ro\/imagini\/depozit\/oameni\/Bazil-Oglinda.jpg\" alt=\"Bazil OGLIND\u0102\" \/><\/a>Lect. univ. dr. <a href=\"http:\/\/www.juridice.ro\/bazil-oglinda\" target=\"_blank\">Bazil OGLIND\u0102<\/a><br \/>\nCatedra de Drept a Academiei de Studii Economice<\/div>\n<div>&nbsp;<\/div>\n<div class=\"casete-avocati-gold\" style=\"width:400px;\"><a href=\"http:\/\/www.juridice.ro\/bogdan-dumitrache\" target=\"_blank\"><img decoding=\"async\" class=\"alignnone\" src=\"http:\/\/www.juridice.ro\/imagini\/depozit\/oameni\/Bogdan-Dumitrache.jpg\" alt=\"Bogdan DUMITRACHE\" \/><\/a><a href=\"http:\/\/www.juridice.ro\/bogdan-dumitrache\" target=\"_blank\">Bogdan DUMITRACHE<\/a>, <b>moderator<\/b><\/div>\n<h2><span style=\"color: #000000;\">12:30-13:30 Pauza de mas\u0103<\/span><\/h2>\n<h2><span style=\"color: #000000;\">13:30-14:00 Prezentare Wolters Kluwer<\/span><\/h2>\n<h2><span style=\"color: #000000;\">14:00-15:30<\/span> PANEL 3<\/h2>\n<h1>5. Oferta de a contracta<\/h1>\n<div class=\"casete-avocati-gold\"><a href=\"http:\/\/www.juridice.ro\/valeriu-stoica\" target=\"_blank\" rel=\"nofollow\"><img decoding=\"async\" class=\"alignnone\" title=\"Valeriu STOICA\" src=\"http:\/\/www.juridice.ro\/imagini\/depozit\/oameni\/Valeriu-Stoica.jpg\" alt=\"Valeriu STOICA\" \/><\/a>Prof. univ. dr. <a title=\"Valeriu STOICA\" href=\"http:\/\/www.juridice.ro\/valeriu-stoica\" target=\"_blank\" rel=\"nofollow\">Valeriu STOICA<\/a><br \/>\nFacultatea de Drept a Universit\u0103\u0163ii din Bucure\u015fti<\/div>\n<h1>6. Calificarea propriet\u0103\u021bii intelectuale \u00een noul Cod civil<\/h1>\n<div class=\"casete-avocati-gold\"><a href=\"http:\/\/www.juridice.ro\/vioreln-ros\" target=\"_blank\"><img decoding=\"async\" class=\"alignnone\" src=\"http:\/\/www.juridice.ro\/imagini\/depozit\/oameni\/Viorel-Ros.jpg\" alt=\"Viorel RO\u015e\" \/><\/a>Prof. univ. dr. <a href=\"http:\/\/www.juridice.ro\/viorel-ros\" target=\"_blank\">Viorel RO\u015e<\/a><br \/>\nFacultatea de Drept a Universit\u0103\u021bii Nicolae Titulescu<\/div>\n<div>&nbsp;<\/div>\n<div class=\"casete-avocati-gold\"style=\"width:400px;\"><a href=\"http:\/\/www.juridice.ro\/andrei-savescu\" target=\"_blank\"><img decoding=\"async\" class=\"alignnone\" src=\"http:\/\/www.juridice.ro\/imagini\/depozit\/oameni\/Andrei-Savescu-3.jpg\" alt=\"Andrei S\u0102VESCU\" \/><\/a>Dr. <a href=\"http:\/\/www.juridice.ro\/andrei-savescu\" target=\"_blank\">Andrei S\u0102VESCU<\/a>, <b>moderator<\/b><br \/>\nCoord. JURIDICE.ro]<\/div>\n<h2><span style=\"color: #000000;\">16:00-16:30 Cofee break | Lansare de carte<\/span><\/h2>\n<h2><span style=\"color: #000000;\">16:30-18:00<\/span> PANEL 4<\/h2>\n<h1>7. Legea aplicabil\u0103 persoanei juridice cu element de extraneitate<\/h1>\n<div class=\"casete-avocati-gold\"><a href=\"http:\/\/www.juridice.ro\/claudiu-buglea\" target=\"_blank\"><img decoding=\"async\" class=\"alignnone\" src=\"http:\/\/www.juridice.ro\/imagini\/depozit\/oameni\/Claudiu-Buglea.jpg\" alt=\"Claudiu BUGLEA\" \/><\/a>Conf. univ. dr. <a href=\"http:\/\/www.juridice.ro\/claudiu-buglea\" target=\"_blank\">Claudiu BUGLEA<\/a><br \/>\nProdecan Facultatea de Drept a Universit\u0103\u021bii din Bucure\u0219ti<\/div>\n<h1>8. Darea \u00een plat\u0103 a terenurilor agricole din extravilan<\/h1>\n<div class=\"casete-avocati-gold\"><a href=\"http:\/\/www.juridice.ro\/bogdan-dumitrache\" target=\"_blank\"><img decoding=\"async\" class=\"alignnone\" src=\"http:\/\/www.juridice.ro\/imagini\/depozit\/oameni\/Bogdan-Dumitrache.jpg\" alt=\"Bogdan DUMITRACHE\" \/><\/a><a href=\"http:\/\/www.juridice.ro\/bogdan-dumitrache\" target=\"_blank\">Bogdan DUMITRACHE<\/a><\/div>\n<div>&nbsp;<\/div>\n<div class=\"casete-avocati-gold\" style=\"width:400px;\"><a href=\"http:\/\/www.juridice.ro\/adriana-almasan\" target=\"_blank\"><img decoding=\"async\" class=\"alignnone\" src=\"http:\/\/www.juridice.ro\/imagini\/depozit\/oameni\/Adriana-Almasan.jpg\" alt=\"Adriana ALM\u0102\u0218AN\" \/><\/a>Conf. univ. dr. <a href=\"http:\/\/www.juridice.ro\/adriana-almasan\" target=\"_blank\">Adriana ALM\u0102\u0218AN<\/a>, <b>moderator<\/b><br \/>\nFacultatea de Drept a Universit\u0103\u021bii din Bucure\u0219ti<\/div>\n<h2><span style=\"color: #000000;\">Vineri, 3 octombrie 2014, 09:00-16:30<\/span><\/h2>\n<h2><span style=\"color: #000000;\">09:00-11:00<\/span> PANEL 5<\/h2>\n<h1>9. Discu\u021bii privind ac\u021biunea \u00een revendicare<\/h1>\n<div class=\"casete-avocati-gold\"><a href=\"http:\/\/www.juridice.ro\/flavius-baias\" target=\"_blank\"><img decoding=\"async\" class=\"alignnone\" src=\"http:\/\/www.juridice.ro\/imagini\/depozit\/oameni\/Flavius-Baias.jpg\" alt=\"Flavius BAIAS\" \/><\/a>Conf. univ. dr. <a href=\"http:\/\/www.juridice.ro\/flavius-baias\" target=\"_blank\">Flavius BAIAS<\/a><br \/>\nDecanul Facult\u0103\u0163ii de Drept a Universit\u0103\u021bii din Bucure\u015fti<\/div>\n<h1>10. Dreptul de preem\u021biune<\/h1>\n<div class=\"casete-avocati-gold\"><a href=\"http:\/\/www.juridice.ro\/dan-chirica\" target=\"_blank\"><img decoding=\"async\" class=\"alignnone\" src=\"http:\/\/www.juridice.ro\/imagini\/depozit\/oameni\/Dan-Chirica.jpg\" alt=\"Dan CHIRIC\u0102\" \/><\/a>Prof. univ. dr. <a href=\"http:\/\/www.juridice.ro\/dan-chirica\" target=\"_blank\">Dan CHIRIC\u0102<\/a><br \/>\nFacultatea de Drept a Universit\u0103\u021bii Babe\u015f-Bolyai din Cluj-Napoca<\/div>\n<h1>11. Accesoriul transform\u0103 principalul? Despre natura bunului ipotecat<\/h1>\n<div class=\"casete-avocati-gold\"><a href=\"http:\/\/www.juridice.ro\/radu-rizoiu\" target=\"_blank\"><img decoding=\"async\" class=\"alignnone\" src=\"http:\/\/www.juridice.ro\/imagini\/depozit\/oameni\/Radu-Rizoiu.jpg\" alt=\"Radu RIZOIU\" \/><\/a>Lect. univ. dr. <a href=\"http:\/\/www.juridice.ro\/radu-rizoiu\" target=\"_blank\">Radu RIZOIU<\/a><br \/>\nFacultatea de Drept a Universit\u0103\u021bii din Bucure\u0219ti<\/div>\n<div>&nbsp;<\/div>\n<div class=\"casete-avocati-gold\" style=\"width:400px;\"><a href=\"http:\/\/www.juridice.ro\/bogdan-dumitrache\" target=\"_blank\"><img decoding=\"async\" class=\"alignnone\" src=\"http:\/\/www.juridice.ro\/imagini\/depozit\/oameni\/Bogdan-Dumitrache.jpg\" alt=\"Bogdan DUMITRACHE\" \/><\/a><a href=\"http:\/\/www.juridice.ro\/bogdan-dumitrache\" target=\"_blank\">Bogdan DUMITRACHE<\/a>, <b>moderator<\/b><\/div>\n<h2><span style=\"color: #000000;\">11:00-11:30 Cofee break<\/span><\/h2>\n<h2><span style=\"color: #000000;\">11:30-13:00<\/span> PANEL 6<\/h2>\n<h1>12. R\u0103spunderea &#8220;agravat\u0103&#8221; a membrilor organelor de conducere pentru intrarea debitorului \u00een insolven\u021b\u0103<\/h1>\n<div class=\"casete-avocati-gold\"><a href=\"http:\/\/www.juridice.ro\/lucian-bercea\" target=\"_blank\"><img decoding=\"async\" class=\"alignnone\" src=\"http:\/\/www.juridice.ro\/imagini\/depozit\/oameni\/Lucian-Bercea.jpg\" alt=\"Lucian BERCEA\" \/><\/a>Prof. univ. dr. <a href=\"http:\/\/www.juridice.ro\/lucian-bercea\" target=\"_blank\">Lucian BERCEA<\/a><br \/>\nDecanul Facult\u0103\u021bii de Drept a Universit\u0103\u021bii de Vest din Timi\u015foara<\/div>\n<h1>13. Remediile abuzului de drept contractual<\/h1>\n<div class=\"casete-avocati-gold\"><a href=\"http:\/\/www.juridice.ro\/ionut-florin-popa\" target=\"_blank\"><img decoding=\"async\" class=\"alignnone\" src=\"http:\/\/www.juridice.ro\/imagini\/depozit\/oameni\/Ionut-Florin-Popa.jpg\" alt=\"Ionu\u0163-Florin POPA\" \/><\/a>Conf. univ. dr. <a href=\"http:\/\/www.juridice.ro\/ionut-florin-popa\" target=\"_blank\">Ionu\u0163-Florin POPA<\/a><br \/>\nFacultatea de Drept a Universit\u0103\u021bii Babe\u015f-Bolyai din Cluj-Napoca<\/div>\n<div>&nbsp;<\/div>\n<div class=\"casete-avocati-gold\" style=\"width:400px;\"><a href=\"http:\/\/www.juridice.ro\/adriana-almasan\" target=\"_blank\"><img decoding=\"async\" class=\"alignnone\" src=\"http:\/\/www.juridice.ro\/imagini\/depozit\/oameni\/Adriana-Almasan.jpg\" alt=\"Adriana ALM\u0102\u0218AN\" \/><\/a>Conf. univ. dr. <a href=\"http:\/\/www.juridice.ro\/adriana-almasan\" target=\"_blank\">Adriana ALM\u0102\u0218AN<\/a>, <b>moderator<\/b><br \/>\nFacultatea de Drept a Universit\u0103\u021bii din Bucure\u0219ti<\/div>\n<h2><span style=\"color: #000000;\">13:00-14:00 Pauza de pr\u00e2nz<\/span><\/h2>\n<h2><span style=\"color: #000000;\">14:00-14:30 Prezentare isoLEX<\/span><\/h2>\n<h2><span style=\"color: #000000;\">14:30-16:00<\/span> PANEL 7<\/h2>\n<h1>14. Discu\u021bii privind retransmiterea dreptului de op\u021biune succesoral\u0103: art. 1105 NCC versus art. 692-693 C.civ.1864<\/h1>\n<div class=\"casete-avocati-gold\"><a href=\"http:\/\/www.juridice.ro\/sevastian-cercel\" target=\"_blank\"><img decoding=\"async\" class=\"alignnone\" src=\"http:\/\/www.juridice.ro\/imagini\/depozit\/oameni\/Sevastian-Cercel.jpg\" alt=\"Sevastian CERCEL\" \/><\/a>Prof. univ. dr. <a href=\"http:\/\/www.juridice.ro\/sevastian-cercel\" target=\"_blank\">Sevastian CERCEL<\/a><br \/>\nDecanul Facult\u0103\u021bii de Drept a Universit\u0103\u021bii din Craiova<\/div>\n<h1>15.\u00a0Ce putem face cu un \u00a0succesibil indezirabil?<\/h1>\n<div class=\"casete-avocati-gold\"><a href=\"http:\/\/www.juridice.ro\/mircea-bob\" target=\"_blank\"><img decoding=\"async\" class=\"alignnone\" src=\"http:\/\/www.juridice.ro\/imagini\/depozit\/oameni\/Mircea-Bob.jpg\" alt=\"Mircea BOB\" \/><\/a>Conf. univ. dr. <a href=\"http:\/\/www.juridice.ro\/mircea-bob\" target=\"_blank\">Mircea BOB<\/a><br \/>\nFacultatea de Drept a Universit\u0103\u021bii Babe\u015f-Bolyai din Cluj-Napoca<\/div>\n<div>&nbsp;<\/div>\n<div class=\"casete-avocati-gold\" style=\"width:400px;\"><a href=\"http:\/\/www.juridice.ro\/bogdan-dumitrache\" target=\"_blank\"><img decoding=\"async\" class=\"alignnone\" src=\"http:\/\/www.juridice.ro\/imagini\/depozit\/oameni\/Bogdan-Dumitrache.jpg\" alt=\"Bogdan DUMITRACHE\" \/><\/a><a href=\"http:\/\/www.juridice.ro\/bogdan-dumitrache\" target=\"_blank\">Bogdan DUMITRACHE<\/a>, <b>moderator<\/b><\/div>\n<h2><span style=\"color: #000000;\">16:00-16:30<\/span> Concluzii \u0219i aprecieri finale<\/h2>\n","protected":false},"excerpt":{"rendered":"<p>* Probleme de drept civil cu impact asupra mediului de afaceri Joi, 2 octombrie 2014, 09:00-18:00 09:00-10:30 PANEL 1 1. Cauzele justificative &#8211; \u00eentre \u00eeng\u0103duin\u021ba legii \u0219i r\u0103spunderea civil\u0103 Prof. univ. dr. Florin STRETEANU Decanul Facult\u0103\u021bii de Drept a Universit\u0103\u021bii Babe\u015f-Bolyai din Cluj-Napoca 2. Obliga\u021bia de a da \u00een afaceri Conf. univ. dr. R\u0103zvan DINC\u0102 [&hellip;]<\/p>\n","protected":false},"author":1,"featured_media":0,"parent":0,"menu_order":1,"comment_status":"open","ping_status":"closed","template":"","meta":{"footnotes":""},"class_list":["post-6","page","type-page","status-publish","hentry"],"_links":{"self":[{"href":"https:\/\/conferinte.juridice.ro\/probleme-dificile-de-drept-civil-2014\/wp-json\/wp\/v2\/pages\/6","targetHints":{"allow":["GET"]}}],"collection":[{"href":"https:\/\/conferinte.juridice.ro\/probleme-dificile-de-drept-civil-2014\/wp-json\/wp\/v2\/pages"}],"about":[{"href":"https:\/\/conferinte.juridice.ro\/probleme-dificile-de-drept-civil-2014\/wp-json\/wp\/v2\/types\/page"}],"author":[{"embeddable":true,"href":"https:\/\/conferinte.juridice.ro\/probleme-dificile-de-drept-civil-2014\/wp-json\/wp\/v2\/users\/1"}],"replies":[{"embeddable":true,"href":"https:\/\/conferinte.juridice.ro\/probleme-dificile-de-drept-civil-2014\/wp-json\/wp\/v2\/comments?post=6"}],"version-history":[{"count":93,"href":"https:\/\/conferinte.juridice.ro\/probleme-dificile-de-drept-civil-2014\/wp-json\/wp\/v2\/pages\/6\/revisions"}],"predecessor-version":[{"id":211,"href":"https:\/\/conferinte.juridice.ro\/probleme-dificile-de-drept-civil-2014\/wp-json\/wp\/v2\/pages\/6\/revisions\/211"}],"wp:attachment":[{"href":"https:\/\/conferinte.juridice.ro\/probleme-dificile-de-drept-civil-2014\/wp-json\/wp\/v2\/media?parent=6"}],"curies":[{"name":"wp","href":"https:\/\/api.w.org\/{rel}","templated":true}]}}