{"id":6,"date":"2013-08-19T08:59:36","date_gmt":"2013-08-19T08:59:36","guid":{"rendered":"http:\/\/www.proceduracivila.ro\/?page_id=6"},"modified":"2013-09-24T20:00:23","modified_gmt":"2013-09-24T20:00:23","slug":"despre-eveniment","status":"publish","type":"page","link":"https:\/\/conferinte.juridice.ro\/ncpc-big-four\/","title":{"rendered":"Despre eveniment"},"content":{"rendered":"<p><span style=\"color: #ff0000;\"><strong>JURIDICE<\/strong>.ro<\/span>\u00a0v\u0103 invit\u0103 la<\/p>\n<p><img loading=\"lazy\" decoding=\"async\" class=\"aligncenter\" alt=\"\" src=\"http:\/\/www.juridice.ro\/imagini\/depozit\/varia\/NCPC-BIG-FOUR-TITLU.jpg\" width=\"546\" height=\"150\" \/><\/p>\n<p style=\"text-align: center;\">Universitatea din Bucure\u0219ti, Facultatea de Drept, Aula Magna<\/p>\n<p style=\"text-align: center;\">27 septembrie 2013<\/p>\n<p style=\"text-align: center;\">Acreditare INPPA: <strong><span style=\"color: #ff0000;\">15 puncte<\/span><\/strong><em><br \/>\n<\/em><\/p>\n<p>Ne propunem s\u0103 clarific\u0103m probleme de procedur\u0103 civil\u0103 a c\u0103ror dificultate a fost eviden\u021biat\u0103 \u00een cadrul aplic\u0103rii practice \u0219i discu\u021biilor doctrinare referitoare la noul Cod de procedur\u0103 civil\u0103.<\/p>\n<p>Evenimentul reune\u0219te cei mai puternici profesori de procedur\u0103 civil\u0103, Viorel Mihai Ciobanu, Ion Deleanu, Ioan Le\u0219, Gabriel Boroi, care vor aborda o list\u0103 de subiecte controversate, pentru a oferi solu\u021biile pe care lumea juridic\u0103 le caut\u0103, \u00een \u00eencercarea de a curma \u0219i a preveni practica judiciar\u0103 neunitar\u0103.<\/p>\n<p>Cuv\u00e2nt de deschidere: av. dr. Gheorghe Florea, Pre\u0219edinte UNBR<\/p>\n<p>Moderatori: conf. univ. dr. Traian Briciu, Bogdan Dumitrache<\/p>\n<hr \/>\n<p>Comitetul de organizare: dr. Andrei S\u0103vescu, dr. Adriana Alm\u0103\u0219an, Marinela Cioroab\u0103, Liviu-Alexandru Viorel, Georgeana Viorel, drd. Lauren\u021biu Petre<\/p>\n<p style=\"text-align: center;\"><a href=\"http:\/\/www.proceduracivila.ro\/inscrieri\"><img loading=\"lazy\" decoding=\"async\" class=\"aligncenter\" alt=\"\" src=\"http:\/\/www.juridice.ro\/imagini\/depozit\/varia\/NCPC-BIG-FOUR-poster.jpg\" width=\"1754\" height=\"2480\" \/><\/a><\/p>\n","protected":false},"excerpt":{"rendered":"<p>JURIDICE.ro\u00a0v\u0103 invit\u0103 la Universitatea din Bucure\u0219ti, Facultatea de Drept, Aula Magna 27 septembrie 2013 Acreditare INPPA: 15 puncte Ne propunem s\u0103 clarific\u0103m probleme de procedur\u0103 civil\u0103 a c\u0103ror dificultate a fost eviden\u021biat\u0103 \u00een cadrul aplic\u0103rii practice \u0219i discu\u021biilor doctrinare referitoare la noul Cod de procedur\u0103 civil\u0103. Evenimentul reune\u0219te cei mai puternici profesori de procedur\u0103 civil\u0103, [&hellip;]<\/p>\n","protected":false},"author":1,"featured_media":0,"parent":0,"menu_order":0,"comment_status":"open","ping_status":"open","template":"","meta":{"footnotes":""},"class_list":["post-6","page","type-page","status-publish","hentry"],"_links":{"self":[{"href":"https:\/\/conferinte.juridice.ro\/ncpc-big-four\/wp-json\/wp\/v2\/pages\/6","targetHints":{"allow":["GET"]}}],"collection":[{"href":"https:\/\/conferinte.juridice.ro\/ncpc-big-four\/wp-json\/wp\/v2\/pages"}],"about":[{"href":"https:\/\/conferinte.juridice.ro\/ncpc-big-four\/wp-json\/wp\/v2\/types\/page"}],"author":[{"embeddable":true,"href":"https:\/\/conferinte.juridice.ro\/ncpc-big-four\/wp-json\/wp\/v2\/users\/1"}],"replies":[{"embeddable":true,"href":"https:\/\/conferinte.juridice.ro\/ncpc-big-four\/wp-json\/wp\/v2\/comments?post=6"}],"version-history":[{"count":9,"href":"https:\/\/conferinte.juridice.ro\/ncpc-big-four\/wp-json\/wp\/v2\/pages\/6\/revisions"}],"predecessor-version":[{"id":276,"href":"https:\/\/conferinte.juridice.ro\/ncpc-big-four\/wp-json\/wp\/v2\/pages\/6\/revisions\/276"}],"wp:attachment":[{"href":"https:\/\/conferinte.juridice.ro\/ncpc-big-four\/wp-json\/wp\/v2\/media?parent=6"}],"curies":[{"name":"wp","href":"https:\/\/api.w.org\/{rel}","templated":true}]}}