{"id":231,"date":"2013-09-14T14:23:02","date_gmt":"2013-09-14T14:23:02","guid":{"rendered":"http:\/\/www.proceduracivila.ro\/?page_id=231"},"modified":"2013-09-14T14:23:02","modified_gmt":"2013-09-14T14:23:02","slug":"cookies","status":"publish","type":"page","link":"https:\/\/conferinte.juridice.ro\/ncpc-big-four\/cookies","title":{"rendered":"Cookies"},"content":{"rendered":"<p>Acest website, la fel ca \u0219i majoritatea website-urilor, folose\u0219te cookies.<\/p>\n<p>Cookies sunt date \u00eentr-un standard industrial pe care o pagin\u0103 web le transfer\u0103 pe computerul dumneavoastr\u0103, temporar, pentru a permite adaptarea con\u021binutului la utilizator. \u00cen acest scop, cookies colecteaz\u0103 informa\u021bii cu privire la comportamentul dumneavoastr\u0103 online. Cookies sunt stocate pentru o perioad\u0103 determinat\u0103.<\/p>\n<p>De exemplu, Google, ca un furnizor ter\u021b, foloseste cookies pentru a difuza anun\u021burile pe care le vede\u021bi, pe baza informa\u021biilor colectate cu privire la comportamentul dumneavoastr\u0103 pe toate website-urile pe care le vizita\u021bi (pute\u021bi renun\u021ba la utilizarea modulului cookie DART de la Google consult\u00e2nd politica de confiden\u021bialitate a retelelor de publicitate \u0219i de continut Google).<\/p>\n<p>Noi utiliz\u0103m cookies automatizate pentru set\u0103rile browserului \u0219i plugin-uri, \u00een scopul \u00eembun\u0103t\u0103\u021birii serviciilor pe care vi le oferim. Folosim serviciile Google Analytics \u0219i Google AdSense.<\/p>\n<p>Daca nu dori\u021bi cookies, toate browserele permit dezactivarea utiliz\u0103rii lor, precum \u0219i \u0219tergerea celor existente. Sec\u021biunea &#8220;ajutor&#8221; a browserului dumneavoastr\u0103 con\u021bine instruc\u021biuni exacte cu privire la modul \u00een care trebuie s\u0103 proceda\u021bi pentru a dezactiva\/\u0219terge cookies.<\/p>\n","protected":false},"excerpt":{"rendered":"<p>Acest website, la fel ca \u0219i majoritatea website-urilor, folose\u0219te cookies. Cookies sunt date \u00eentr-un standard industrial pe care o pagin\u0103 web le transfer\u0103 pe computerul dumneavoastr\u0103, temporar, pentru a permite adaptarea con\u021binutului la utilizator. \u00cen acest scop, cookies colecteaz\u0103 informa\u021bii cu privire la comportamentul dumneavoastr\u0103 online. Cookies sunt stocate pentru o perioad\u0103 determinat\u0103. De exemplu, [&hellip;]<\/p>\n","protected":false},"author":1,"featured_media":0,"parent":0,"menu_order":0,"comment_status":"open","ping_status":"open","template":"","meta":{"footnotes":""},"class_list":["post-231","page","type-page","status-publish","hentry"],"_links":{"self":[{"href":"https:\/\/conferinte.juridice.ro\/ncpc-big-four\/wp-json\/wp\/v2\/pages\/231","targetHints":{"allow":["GET"]}}],"collection":[{"href":"https:\/\/conferinte.juridice.ro\/ncpc-big-four\/wp-json\/wp\/v2\/pages"}],"about":[{"href":"https:\/\/conferinte.juridice.ro\/ncpc-big-four\/wp-json\/wp\/v2\/types\/page"}],"author":[{"embeddable":true,"href":"https:\/\/conferinte.juridice.ro\/ncpc-big-four\/wp-json\/wp\/v2\/users\/1"}],"replies":[{"embeddable":true,"href":"https:\/\/conferinte.juridice.ro\/ncpc-big-four\/wp-json\/wp\/v2\/comments?post=231"}],"version-history":[{"count":1,"href":"https:\/\/conferinte.juridice.ro\/ncpc-big-four\/wp-json\/wp\/v2\/pages\/231\/revisions"}],"predecessor-version":[{"id":232,"href":"https:\/\/conferinte.juridice.ro\/ncpc-big-four\/wp-json\/wp\/v2\/pages\/231\/revisions\/232"}],"wp:attachment":[{"href":"https:\/\/conferinte.juridice.ro\/ncpc-big-four\/wp-json\/wp\/v2\/media?parent=231"}],"curies":[{"name":"wp","href":"https:\/\/api.w.org\/{rel}","templated":true}]}}