{"id":19,"date":"2013-08-19T09:06:02","date_gmt":"2013-08-19T09:06:02","guid":{"rendered":"http:\/\/www.proceduracivila.ro\/?page_id=19"},"modified":"2014-01-28T16:32:44","modified_gmt":"2014-01-28T16:32:44","slug":"inscrieri","status":"publish","type":"page","link":"https:\/\/conferinte.juridice.ro\/ncpc-big-four\/inscrieri","title":{"rendered":"\u00censcrieri"},"content":{"rendered":"<p><strong>Tax\u0103 de participare<\/strong><br \/>\n400 lei + TVA (acces \u00eenregistrare video inclus)<\/p>\n<p><strong>Reduceri \u015fi avantaje<\/strong><br \/>\nParticipan\u0163i din aceea\u015fi organiza\u0163ie: 15% reducere (340 lei + TVA)<br \/>\n<del datetime=\"2013-08-02T06:57:33+00:00\">\u00censcrieri p\u00e2n\u0103 la\u00a0<strong>1 august 2013<\/strong>: 10% reducere (360 lei + TVA)<\/del><br \/>\n<del datetime=\"2013-08-02T06:57:33+00:00\">Reducerile se cumuleaz\u0103: 25% reducere (300 lei + TVA)<\/del><br \/>\n&#8211; 15 puncte de preg\u0103tire profesional\u0103 pentru avoca\u021bi<br \/>\n&#8211; edi\u021bie special\u0103, personalizat\u0103, NCPC (oferit\u0103 de Editura Hamangiu)<br \/>\n&#8211; t\u00e2rg de carte cu 20% reducere<br \/>\n&#8211; degustare de vinuri AVINCIS<br \/>\n&#8211; voucher 500 lei iDrept<br \/>\n&#8211; acces gratuit iDrept + Comentarii NCPC<\/p>\n<p>Num\u0103rul de locuri este limitat.<\/p>\n<p>Ultima zi de \u00eenscrieri:\u00a0<span style=\"color: #ff0000;\"><strong>19 septembrie 2013<\/strong><\/span><\/p>\n<p>Informa\u0163ii suplimentare \u015fi \u00eentreb\u0103ri:\u00a0<a href=\"http:\/\/www.juridice.ro\/contact\/\">pagina de contact<\/a>\u00a0\/ Mihaela Dumbrav\u0103, 0752247630, mihaela.dumbrava@juridice.ro<\/p>\n","protected":false},"excerpt":{"rendered":"<p>Tax\u0103 de participare 400 lei + TVA (acces \u00eenregistrare video inclus) Reduceri \u015fi avantaje Participan\u0163i din aceea\u015fi organiza\u0163ie: 15% reducere (340 lei + TVA) \u00censcrieri p\u00e2n\u0103 la\u00a01 august 2013: 10% reducere (360 lei + TVA) Reducerile se cumuleaz\u0103: 25% reducere (300 lei + TVA) &#8211; 15 puncte de preg\u0103tire profesional\u0103 pentru avoca\u021bi &#8211; edi\u021bie special\u0103, [&hellip;]<\/p>\n","protected":false},"author":1,"featured_media":0,"parent":0,"menu_order":8,"comment_status":"open","ping_status":"open","template":"","meta":{"footnotes":""},"class_list":["post-19","page","type-page","status-publish","hentry"],"_links":{"self":[{"href":"https:\/\/conferinte.juridice.ro\/ncpc-big-four\/wp-json\/wp\/v2\/pages\/19","targetHints":{"allow":["GET"]}}],"collection":[{"href":"https:\/\/conferinte.juridice.ro\/ncpc-big-four\/wp-json\/wp\/v2\/pages"}],"about":[{"href":"https:\/\/conferinte.juridice.ro\/ncpc-big-four\/wp-json\/wp\/v2\/types\/page"}],"author":[{"embeddable":true,"href":"https:\/\/conferinte.juridice.ro\/ncpc-big-four\/wp-json\/wp\/v2\/users\/1"}],"replies":[{"embeddable":true,"href":"https:\/\/conferinte.juridice.ro\/ncpc-big-four\/wp-json\/wp\/v2\/comments?post=19"}],"version-history":[{"count":17,"href":"https:\/\/conferinte.juridice.ro\/ncpc-big-four\/wp-json\/wp\/v2\/pages\/19\/revisions"}],"predecessor-version":[{"id":286,"href":"https:\/\/conferinte.juridice.ro\/ncpc-big-four\/wp-json\/wp\/v2\/pages\/19\/revisions\/286"}],"wp:attachment":[{"href":"https:\/\/conferinte.juridice.ro\/ncpc-big-four\/wp-json\/wp\/v2\/media?parent=19"}],"curies":[{"name":"wp","href":"https:\/\/api.w.org\/{rel}","templated":true}]}}