{"id":13,"date":"2013-08-19T09:03:50","date_gmt":"2013-08-19T09:03:50","guid":{"rendered":"http:\/\/www.proceduracivila.ro\/?page_id=13"},"modified":"2013-09-22T23:37:53","modified_gmt":"2013-09-22T23:37:53","slug":"participanti","status":"publish","type":"page","link":"https:\/\/conferinte.juridice.ro\/ncpc-big-four\/participanti","title":{"rendered":"Participan\u021bi"},"content":{"rendered":"<p>Evenimentul se adreseaz\u0103 exclusiv profesioni\u0219tilor dreptului, \u00een principal celor a c\u0103ror activitate este \u00een str\u00e2ns\u0103 leg\u0103tur\u0103 cu procesul civil: avoca\u021bilor, consilierilor juridici, executorilor judec\u0103tore\u0219ti \u0219i, nu \u00een ultimul r\u00e2nd, judec\u0103torilor.<\/p>\n<p>Num\u0103rul de locuri este limitat.<\/p>\n<p>Participan\u021bii vor primi cadouri interesante. Pentru detalii, vizita\u021bi pagina <a title=\"Parteneri\" href=\"http:\/\/www.proceduracivila.ro\/parteneri\">Parteneri<\/a>.<\/p>\n","protected":false},"excerpt":{"rendered":"<p>Evenimentul se adreseaz\u0103 exclusiv profesioni\u0219tilor dreptului, \u00een principal celor a c\u0103ror activitate este \u00een str\u00e2ns\u0103 leg\u0103tur\u0103 cu procesul civil: avoca\u021bilor, consilierilor juridici, executorilor judec\u0103tore\u0219ti \u0219i, nu \u00een ultimul r\u00e2nd, judec\u0103torilor. Num\u0103rul de locuri este limitat. Participan\u021bii vor primi cadouri interesante. Pentru detalii, vizita\u021bi pagina Parteneri.<\/p>\n","protected":false},"author":1,"featured_media":0,"parent":0,"menu_order":4,"comment_status":"open","ping_status":"open","template":"","meta":{"footnotes":""},"class_list":["post-13","page","type-page","status-publish","hentry"],"_links":{"self":[{"href":"https:\/\/conferinte.juridice.ro\/ncpc-big-four\/wp-json\/wp\/v2\/pages\/13","targetHints":{"allow":["GET"]}}],"collection":[{"href":"https:\/\/conferinte.juridice.ro\/ncpc-big-four\/wp-json\/wp\/v2\/pages"}],"about":[{"href":"https:\/\/conferinte.juridice.ro\/ncpc-big-four\/wp-json\/wp\/v2\/types\/page"}],"author":[{"embeddable":true,"href":"https:\/\/conferinte.juridice.ro\/ncpc-big-four\/wp-json\/wp\/v2\/users\/1"}],"replies":[{"embeddable":true,"href":"https:\/\/conferinte.juridice.ro\/ncpc-big-four\/wp-json\/wp\/v2\/comments?post=13"}],"version-history":[{"count":16,"href":"https:\/\/conferinte.juridice.ro\/ncpc-big-four\/wp-json\/wp\/v2\/pages\/13\/revisions"}],"predecessor-version":[{"id":272,"href":"https:\/\/conferinte.juridice.ro\/ncpc-big-four\/wp-json\/wp\/v2\/pages\/13\/revisions\/272"}],"wp:attachment":[{"href":"https:\/\/conferinte.juridice.ro\/ncpc-big-four\/wp-json\/wp\/v2\/media?parent=13"}],"curies":[{"name":"wp","href":"https:\/\/api.w.org\/{rel}","templated":true}]}}