{"id":11,"date":"2013-08-19T09:03:23","date_gmt":"2013-08-19T09:03:23","guid":{"rendered":"http:\/\/www.proceduracivila.ro\/?page_id=11"},"modified":"2013-09-05T14:46:23","modified_gmt":"2013-09-05T14:46:23","slug":"program","status":"publish","type":"page","link":"https:\/\/conferinte.juridice.ro\/ncpc-big-four\/program","title":{"rendered":"Program"},"content":{"rendered":"<p>Evenimentul este programat pentru vineri, 27 septembrie 2013, \u00eencep\u00e2nd cu ora 13:30.<\/p>\n<p>\u00cenregistrare participan\u021bi &amp; coffee talk: 13:00<\/p>\n<p>Conferin\u021ba se va \u00eencheia, a\u0219a cum utilizatorii JURIDICE.ro s-au obi\u0219nuit deja, dup\u0103 epuizarea temelor de discu\u021bie.<\/p>\n<p><i>* Pe tot parcursul evenimentului vor fi disponibile: cafea, ap\u0103, b\u0103uturi r\u0103coritoare, gust\u0103ri reci \u0219i produse de patiserie, precum \u0219i degust\u0103ri de vinuri speciale, <a title=\"AVINCIS\" href=\"http:\/\/www.avincis.ro\/\" target=\"_blank\">AVINCIS<\/a>.<\/i><\/p>\n","protected":false},"excerpt":{"rendered":"<p>Evenimentul este programat pentru vineri, 27 septembrie 2013, \u00eencep\u00e2nd cu ora 13:30. \u00cenregistrare participan\u021bi &amp; coffee talk: 13:00 Conferin\u021ba se va \u00eencheia, a\u0219a cum utilizatorii JURIDICE.ro s-au obi\u0219nuit deja, dup\u0103 epuizarea temelor de discu\u021bie. * Pe tot parcursul evenimentului vor fi disponibile: cafea, ap\u0103, b\u0103uturi r\u0103coritoare, gust\u0103ri reci \u0219i produse de patiserie, precum \u0219i degust\u0103ri [&hellip;]<\/p>\n","protected":false},"author":1,"featured_media":0,"parent":0,"menu_order":3,"comment_status":"open","ping_status":"open","template":"","meta":{"footnotes":""},"class_list":["post-11","page","type-page","status-publish","hentry"],"_links":{"self":[{"href":"https:\/\/conferinte.juridice.ro\/ncpc-big-four\/wp-json\/wp\/v2\/pages\/11","targetHints":{"allow":["GET"]}}],"collection":[{"href":"https:\/\/conferinte.juridice.ro\/ncpc-big-four\/wp-json\/wp\/v2\/pages"}],"about":[{"href":"https:\/\/conferinte.juridice.ro\/ncpc-big-four\/wp-json\/wp\/v2\/types\/page"}],"author":[{"embeddable":true,"href":"https:\/\/conferinte.juridice.ro\/ncpc-big-four\/wp-json\/wp\/v2\/users\/1"}],"replies":[{"embeddable":true,"href":"https:\/\/conferinte.juridice.ro\/ncpc-big-four\/wp-json\/wp\/v2\/comments?post=11"}],"version-history":[{"count":6,"href":"https:\/\/conferinte.juridice.ro\/ncpc-big-four\/wp-json\/wp\/v2\/pages\/11\/revisions"}],"predecessor-version":[{"id":189,"href":"https:\/\/conferinte.juridice.ro\/ncpc-big-four\/wp-json\/wp\/v2\/pages\/11\/revisions\/189"}],"wp:attachment":[{"href":"https:\/\/conferinte.juridice.ro\/ncpc-big-four\/wp-json\/wp\/v2\/media?parent=11"}],"curies":[{"name":"wp","href":"https:\/\/api.w.org\/{rel}","templated":true}]}}