{"id":22,"date":"2014-03-31T13:40:17","date_gmt":"2014-03-31T13:40:17","guid":{"rendered":"http:\/\/conferinte.juridice.ro\/probleme-dificile-de-dreptul-muncii-2014\/?page_id=22"},"modified":"2014-04-16T13:08:55","modified_gmt":"2014-04-16T13:08:55","slug":"inscrieri","status":"publish","type":"page","link":"http:\/\/conferinte.juridice.ro\/probleme-dificile-de-dreptul-muncii-2014\/inscrieri\/","title":{"rendered":"\u00censcrieri"},"content":{"rendered":"<div style=\"float: right;\"><a href=\"http:\/\/conferinte.juridice.ro\/probleme-dificile-de-dreptul-muncii-2014\/inscrieri\/persoane-fizice\/\"><img decoding=\"async\" onmouseover=\"this.src='http:\/\/www.juridice.ro\/imagini\/depozit\/varia\/cooltext1433935467MouseOver.png';\" onmouseout=\"this.src='http:\/\/www.juridice.ro\/imagini\/depozit\/varia\/cooltext1433935467.png';\" alt=\"\" src=\"http:\/\/www.juridice.ro\/imagini\/depozit\/varia\/cooltext1433935467.png\" \/><\/a><\/div>\n<div style=\"float: left;\"><a href=\"http:\/\/conferinte.juridice.ro\/probleme-dificile-de-dreptul-muncii-2014\/inscrieri\/profesionisti\/\"><img loading=\"lazy\" decoding=\"async\" onmouseover=\"this.src='http:\/\/www.juridice.ro\/imagini\/depozit\/varia\/cooltext1433972889MouseOver.png';\" onmouseout=\"this.src='http:\/\/www.juridice.ro\/imagini\/depozit\/varia\/cooltext1433972889.png';\" alt=\"\" src=\"http:\/\/www.juridice.ro\/imagini\/depozit\/varia\/cooltext1433972889.png\" width=\"316\" height=\"59\" \/><\/a><\/div>\n<hr style=\"color: #fff; background-color: #fff;\" \/>\n<p><strong>Costuri<\/strong> Participare \u00een sal\u0103: <strong>400<\/strong> lei + TVA (num\u0103r de locuri limitat)<br \/>\nTransmisiune LIVE online vizionare colectiv\u0103 (proiec\u021bie):\u00a0<strong>800<\/strong> lei + TVA<br \/>\nTransmisiune LIVE online vizionare individual\u0103: <strong>80<\/strong> lei + TVA<br \/>\n<em>* acces \u00eenregistrare video inclus<\/em><br \/>\n<strong>Reduceri pentru participare \u00een sal\u0103<\/strong><br \/>\nParticipan\u0163i din aceea\u015fi organiza\u0163ie: 15% reducere (340 lei + TVA)<br \/>\n\u00censcrieri p\u00e2n\u0103 la <strong>10 aprilie 2014<\/strong>: 10% reducere (360 lei + TVA)<br \/>\nParticipan\u021bi \u00eenscri\u0219i \u00een catalogul Speciali\u0219ti al JURIDICE.ro, sec\u021biunile Avoca\u021bi dreptul muncii \u0219i Exper\u021bi legisla\u021bia muncii: 10% reducere (360 lei + TVA) Reducerile se cumuleaz\u0103: 35% reducere (260 lei + TVA)<br \/>\n<i>Ultima zi de \u00eenscrieri:\u00a0<strong>25 aprilie 2014<\/strong><\/i><\/p>\n<p><strong>Avantaje pentru participare \u00een sal\u0103<\/strong><br \/>\n&#8211; acreditare INPPA: <strong><span style=\"color: #ff0000;\">10 puncte<\/span><\/strong><br \/>\n<strong>Avantaje pentru transmisiune LIVE online<\/strong><br \/>\n&#8211; acreditare INPPA: <strong><span style=\"color: #ff0000;\">4 puncte<\/span><\/strong><\/p>\n<hr \/>\n<p>\u00cen virtutea protocolului de colaborare dintre Consiliul Superior al Magistraturii \u0219i Societatea de \u0218tiin\u021be Juridice, transmisiunea LIVE a conferin\u021bei va putea fi urm\u0103rit\u0103 de c\u0103tre judec\u0103tori \u0219i procurori \u00een interiorul contului EMAP.<\/p>\n<hr \/>\n<p><strong>Informa\u0163ii suplimentare \u015fi \u00eentreb\u0103ri<\/strong> Roxana Tudoroiu, 0752.247.626, roxana.tudoroiu@juridice.ro \/ <a href=\"http:\/\/www.juridice.ro\/contact\/\">pagina de contact<\/a><\/p>\n<div style=\"float: right;\"><a href=\"http:\/\/conferinte.juridice.ro\/probleme-dificile-de-dreptul-muncii-2014\/inscrieri\/persoane-fizice\/\"><img decoding=\"async\" onmouseover=\"this.src='http:\/\/www.juridice.ro\/imagini\/depozit\/varia\/cooltext1433935467MouseOver.png';\" onmouseout=\"this.src='http:\/\/www.juridice.ro\/imagini\/depozit\/varia\/cooltext1433935467.png';\" alt=\"\" src=\"http:\/\/www.juridice.ro\/imagini\/depozit\/varia\/cooltext1433935467.png\" \/><\/a><\/div>\n<div style=\"float: left;\"><a href=\"http:\/\/conferinte.juridice.ro\/probleme-dificile-de-dreptul-muncii-2014\/inscrieri\/profesionisti\/\"><img loading=\"lazy\" decoding=\"async\" onmouseover=\"this.src='http:\/\/www.juridice.ro\/imagini\/depozit\/varia\/cooltext1433972889MouseOver.png';\" onmouseout=\"this.src='http:\/\/www.juridice.ro\/imagini\/depozit\/varia\/cooltext1433972889.png';\" alt=\"\" src=\"http:\/\/www.juridice.ro\/imagini\/depozit\/varia\/cooltext1433972889.png\" width=\"316\" height=\"59\" \/><\/a><\/div>\n<hr style=\"color: #fff; background-color: #fff;\" \/>\n","protected":false},"excerpt":{"rendered":"<p>Costuri Participare \u00een sal\u0103: 400 lei + TVA (num\u0103r de locuri limitat) Transmisiune LIVE online vizionare colectiv\u0103 (proiec\u021bie):\u00a0800 lei + TVA Transmisiune LIVE online vizionare individual\u0103: 80 lei + TVA * acces \u00eenregistrare video inclus Reduceri pentru participare \u00een sal\u0103 Participan\u0163i din aceea\u015fi organiza\u0163ie: 15% reducere (340 lei + TVA) \u00censcrieri p\u00e2n\u0103 la 10 aprilie [&hellip;]<\/p>\n","protected":false},"author":1,"featured_media":0,"parent":0,"menu_order":5,"comment_status":"open","ping_status":"open","template":"","meta":{"footnotes":""},"class_list":["post-22","page","type-page","status-publish","hentry"],"_links":{"self":[{"href":"http:\/\/conferinte.juridice.ro\/probleme-dificile-de-dreptul-muncii-2014\/wp-json\/wp\/v2\/pages\/22","targetHints":{"allow":["GET"]}}],"collection":[{"href":"http:\/\/conferinte.juridice.ro\/probleme-dificile-de-dreptul-muncii-2014\/wp-json\/wp\/v2\/pages"}],"about":[{"href":"http:\/\/conferinte.juridice.ro\/probleme-dificile-de-dreptul-muncii-2014\/wp-json\/wp\/v2\/types\/page"}],"author":[{"embeddable":true,"href":"http:\/\/conferinte.juridice.ro\/probleme-dificile-de-dreptul-muncii-2014\/wp-json\/wp\/v2\/users\/1"}],"replies":[{"embeddable":true,"href":"http:\/\/conferinte.juridice.ro\/probleme-dificile-de-dreptul-muncii-2014\/wp-json\/wp\/v2\/comments?post=22"}],"version-history":[{"count":6,"href":"http:\/\/conferinte.juridice.ro\/probleme-dificile-de-dreptul-muncii-2014\/wp-json\/wp\/v2\/pages\/22\/revisions"}],"predecessor-version":[{"id":91,"href":"http:\/\/conferinte.juridice.ro\/probleme-dificile-de-dreptul-muncii-2014\/wp-json\/wp\/v2\/pages\/22\/revisions\/91"}],"wp:attachment":[{"href":"http:\/\/conferinte.juridice.ro\/probleme-dificile-de-dreptul-muncii-2014\/wp-json\/wp\/v2\/media?parent=22"}],"curies":[{"name":"wp","href":"https:\/\/api.w.org\/{rel}","templated":true}]}}