{"id":16,"date":"2014-03-31T13:39:40","date_gmt":"2014-03-31T13:39:40","guid":{"rendered":"http:\/\/conferinte.juridice.ro\/probleme-dificile-de-dreptul-muncii-2014\/?page_id=16"},"modified":"2014-03-31T14:58:46","modified_gmt":"2014-03-31T14:58:46","slug":"program","status":"publish","type":"page","link":"http:\/\/conferinte.juridice.ro\/probleme-dificile-de-dreptul-muncii-2014\/program\/","title":{"rendered":"Program"},"content":{"rendered":"<p><strong style=\"line-height: 1.5em;\">Miercuri, 30 aprilie 2014<\/strong><\/p>\n<p><em>08:30-09:00 &#8211; \u00cenregistrarea participan\u021bilor, coffee talk<\/em><\/p>\n<div class=\"chenar-basic\">Moderator: Jud. dr. Lucia U\u021a\u0102, CURTEA DE APEL BUCURE\u0218TI, Pre\u0219edinte Sec\u021bia a VII-a, civil\u0103 \u0219i pentru cauze privind litigii de munc\u0103 \u0219i asigur\u0103ri sociale<\/div>\n<hr style=\"margin-top: 0px; margin-bottom: 20px;\" \/>\n<p>09:00-13:00 &#8211; Dezbateri. \u00centreb\u0103ri \u0219i r\u0103spunsuri<\/p>\n<hr \/>\n<p>13:00-14:00 &#8211; Pauza de pr\u00e2nz<\/p>\n<hr \/>\n<p>14:00-18:00 &#8211; Dezbateri. \u00centreb\u0103ri \u0219i r\u0103spunsuri<\/p>\n<div class=\"chenar-basic\">Moderator: Av. conf. univ. dr. Lumini\u021ba DIMA, NESTOR NESTOR DICULESCU KINGSTON PETERSEN<\/div>\n<hr \/>\n<p>18:00 &#8211; \u00cenchiderea lucr\u0103rilor conferin\u021bei<\/p>\n","protected":false},"excerpt":{"rendered":"<p>Miercuri, 30 aprilie 2014 08:30-09:00 &#8211; \u00cenregistrarea participan\u021bilor, coffee talk Moderator: Jud. dr. Lucia U\u021a\u0102, CURTEA DE APEL BUCURE\u0218TI, Pre\u0219edinte Sec\u021bia a VII-a, civil\u0103 \u0219i pentru cauze privind litigii de munc\u0103 \u0219i asigur\u0103ri sociale 09:00-13:00 &#8211; Dezbateri. \u00centreb\u0103ri \u0219i r\u0103spunsuri 13:00-14:00 &#8211; Pauza de pr\u00e2nz 14:00-18:00 &#8211; Dezbateri. \u00centreb\u0103ri \u0219i r\u0103spunsuri Moderator: Av. conf. univ. [&hellip;]<\/p>\n","protected":false},"author":1,"featured_media":0,"parent":0,"menu_order":2,"comment_status":"open","ping_status":"open","template":"","meta":{"footnotes":""},"class_list":["post-16","page","type-page","status-publish","hentry"],"_links":{"self":[{"href":"http:\/\/conferinte.juridice.ro\/probleme-dificile-de-dreptul-muncii-2014\/wp-json\/wp\/v2\/pages\/16","targetHints":{"allow":["GET"]}}],"collection":[{"href":"http:\/\/conferinte.juridice.ro\/probleme-dificile-de-dreptul-muncii-2014\/wp-json\/wp\/v2\/pages"}],"about":[{"href":"http:\/\/conferinte.juridice.ro\/probleme-dificile-de-dreptul-muncii-2014\/wp-json\/wp\/v2\/types\/page"}],"author":[{"embeddable":true,"href":"http:\/\/conferinte.juridice.ro\/probleme-dificile-de-dreptul-muncii-2014\/wp-json\/wp\/v2\/users\/1"}],"replies":[{"embeddable":true,"href":"http:\/\/conferinte.juridice.ro\/probleme-dificile-de-dreptul-muncii-2014\/wp-json\/wp\/v2\/comments?post=16"}],"version-history":[{"count":12,"href":"http:\/\/conferinte.juridice.ro\/probleme-dificile-de-dreptul-muncii-2014\/wp-json\/wp\/v2\/pages\/16\/revisions"}],"predecessor-version":[{"id":59,"href":"http:\/\/conferinte.juridice.ro\/probleme-dificile-de-dreptul-muncii-2014\/wp-json\/wp\/v2\/pages\/16\/revisions\/59"}],"wp:attachment":[{"href":"http:\/\/conferinte.juridice.ro\/probleme-dificile-de-dreptul-muncii-2014\/wp-json\/wp\/v2\/media?parent=16"}],"curies":[{"name":"wp","href":"https:\/\/api.w.org\/{rel}","templated":true}]}}