{"id":2,"date":"2014-08-31T21:23:05","date_gmt":"2014-08-31T21:23:05","guid":{"rendered":"http:\/\/conferinte.juridice.ro\/probleme-dificile-de-drept-civil-2014\/?page_id=2"},"modified":"2015-05-27T15:40:51","modified_gmt":"2015-05-27T13:40:51","slug":"despre-eveniment","status":"publish","type":"page","link":"http:\/\/conferinte.juridice.ro\/probleme-dificile-de-drept-civil-2014\/","title":{"rendered":"Despre eveniment"},"content":{"rendered":"<p>Societatea de \u0218tiin\u021be Juridice \u015fi\u00a0<strong style=\"color: #ff0000;\">JURIDICE<\/strong><span style=\"color: #ff0000;\">.ro<\/span>\u00a0v\u0103 invit\u0103 la conferin\u021ba<\/p>\n<h1 style=\"color: #bb0000; text-align: center; font-size: 26px; margin-bottom: 26px;\">Probleme dificile de drept civil. Impact \u00een afaceri<\/h1>\n<p style=\"color: #111111; text-align: center;\">Centrul de conferin\u0163e Auditorium Pallady, Aula Magna<\/p>\n<p style=\"color: #111111; text-align: center;\">Bucure\u0219ti, 2-3 octombrie 2014<\/p>\n<p style=\"text-align: center;\">Acreditare INPPA:\u00a0<span style=\"color: #111111;\"><strong>\u00een sal\u0103<\/strong>:\u00a0<\/span><span style=\"color: #ff0000;\"><strong>15 puncte<\/strong><\/span><span style=\"color: #111111;\">; <strong>online<\/strong>:\u00a0<\/span><span style=\"color: #ff0000;\"><strong>5 puncte<\/strong><\/span><\/p>\n<p style=\"color: #111111;\">Codul civil este centrul de greutate al dreptului rom\u00e2nesc. Odat\u0103 cu intrarea lui \u00een vigoare, la data de 1 octombrie 2011, Rom\u00e2nia a intrat \u00eentr-o nou\u0103 etap\u0103 de modernizare juridic\u0103.<\/p>\n<p style=\"color: #111111;\">Cea de a III-a edi\u021bie a conferin\u021bei\u00a0<strong>Probleme dificile de drept civil<\/strong>\u00a0reune\u0219te profesori prestigio\u0219i \u0219i profesioni\u0219ti cu experien\u021b\u0103, care pun \u00een lumin\u0103 dificult\u0103\u021bile juridice \u0219i provoc\u0103rile noului Cod civil, din perspectiva impactului lor asupra mediului de afaceri.<\/p>\n<p style=\"color: #111111;\">Pe parcursul a dou\u0103 zile, prezent\u0103rile \u0219i dezbaterile vor eviden\u021bia probleme \u0219i vor dezv\u0103lui solu\u021bii, aduc\u00e2nd o lumin\u0103 proasp\u0103t\u0103 \u0219i \u00eencurajatoare pentru profesioni\u0219tii dreptului.<\/p>\n<hr style=\"color: #cccccc;\" \/>\n<p style=\"color: #111111;\"><strong>Conceptul evenimentului<\/strong><br \/>\nFiecare speaker va realiza\u00a0abord\u0103ri punctuale:<br \/>\n&#8211; prezint\u0103 o\u00a0problem\u0103 dificil\u0103, cu impact asupra mediului de afaceri, ar\u0103t\u00e2nd \u00een ce const\u0103 dificultatea (ex.: textul poate fi interpretat \u00een mod diferit, textul nu se coreleaz\u0103 cu alt text, textul intr\u0103 \u00een contradic\u021bie cu un text dintr-o alt\u0103 reglementare, textul na\u0219te jurispruden\u021b\u0103 divergent\u0103, textul nu este suficient de clar, textul este criticabil&#8230;)<br \/>\n&#8211; propune o solu\u021bie de rezolvare a dificult\u0103\u021bii, \u0219i<br \/>\n&#8211; discut\u0103 cu participan\u021bii pe marginea problemei \u0219i r\u0103spunde la \u00eentreb\u0103ri.<\/p>\n<p style=\"color: #111111;\">::\u00a0<a style=\"font-weight: bold; color: #0070c5;\" href=\"http:\/\/www.pddc.ro\" target=\"_blank\">Edi\u021bia 2013 (18-19 otombrie 2013)<\/a><br \/>\n::\u00a0<a style=\"font-weight: bold; color: #0070c5;\" href=\"http:\/\/www.juridice.ro\/214121\/probleme-dificile-de-drept-civil-2012.html\" target=\"_blank\">Edi\u021bia 2012 (28-29 septembrie 2012)<\/a><\/p>\n<hr style=\"color: #cccccc;\" \/>\n<p>Pentru a provoca\u00a0<a style=\"font-weight: bold; color: #0070c5;\" href=\"http:\/\/conferinte.juridice.ro\/probleme-dificile-de-drept-civil-2014\/speakeri\/\">speakerii<\/a>\u00a0s\u0103 abordeze probleme pe care le considera\u021bi interesante, \u00een leg\u0103tur\u0103 cu aspectele la care ace\u0219tia se vor referi \u00een cadrul interven\u021biilor, v\u0103 rug\u0103m s\u0103 ne scrie\u021bi folosind\u00a0<a style=\"font-weight: bold; color: #0070c5;\" href=\"http:\/\/www.juridice.ro\/contact\">pagina de contact<\/a>.<\/p>\n<hr style=\"color: #cccccc;\" \/>\n<p>Num\u0103r de locuri \u00een sal\u0103: 700. Pentru \u00eenscrieri <a href=\"http:\/\/conferinte.juridice.ro\/probleme-dificile-de-drept-civil-2014\/inscrieri\/\">click aici<\/a>.<\/p>\n<p>Evenimentul va fi transmis LIVE online pe JURIDICE.ro. Pentru acces LIVE <a href=\"http:\/\/conferinte.juridice.ro\/probleme-dificile-de-drept-civil-2014\/inscrieri\/\">click aici<\/a>.<\/p>\n<hr style=\"color: #cccccc;\" \/>\n<p style=\"color: #111111;\"><strong>Comitetul de organizare<\/strong>: dr. Adriana ALM\u0102\u015eAN, dr. Flavius BAIAS, dr. Lucian BERCEA, dr. Claudiu BUGLEA, dr. Oana ISPAS, dr. Florin MO\u021aIU, dr. Bazil OGLIND\u0102, dr.\u00a0Radu RIZOIU,\u00a0dr. Andrei S\u0102VESCU, dr. Andreea SEUCAN, dr. Claudiu SEUCAN, dr. Mihai \u0218ANDRU<\/p>\n<hr style=\"color: #cccccc;\" \/>\n<a href=\"http:\/\/conferinte.juridice.ro\/probleme-dificile-de-drept-civil-2014\/inscrieri\" target=\"_self\" rel=\"http:\/\/conferinte.juridice.ro\/probleme-dificile-de-drept-civil-2014\/\"><img loading=\"lazy\" decoding=\"async\" class=\"aligncenter wp-image-335345 size-full\" src=\"http:\/\/www.juridice.ro\/wp-content\/uploads\/2014\/09\/TEDxBucharest-FotografulTAU-028-75551.jpg\" alt=\"TEDxBucharest-FotografulTAU-028-7555[1]\" width=\"800\" height=\"533\" \/><\/a><\/p>\n","protected":false},"excerpt":{"rendered":"<p>Societatea de \u0218tiin\u021be Juridice \u015fi\u00a0JURIDICE.ro\u00a0v\u0103 invit\u0103 la conferin\u021ba Probleme dificile de drept civil. Impact \u00een afaceri Centrul de conferin\u0163e Auditorium Pallady, Aula Magna Bucure\u0219ti, 2-3 octombrie 2014 Acreditare INPPA:\u00a0\u00een sal\u0103:\u00a015 puncte; online:\u00a05 puncte Codul civil este centrul de greutate al dreptului rom\u00e2nesc. Odat\u0103 cu intrarea lui \u00een vigoare, la data de 1 octombrie 2011, Rom\u00e2nia [&hellip;]<\/p>\n","protected":false},"author":1,"featured_media":0,"parent":0,"menu_order":0,"comment_status":"open","ping_status":"open","template":"","meta":{"footnotes":""},"class_list":["post-2","page","type-page","status-publish","hentry"],"_links":{"self":[{"href":"http:\/\/conferinte.juridice.ro\/probleme-dificile-de-drept-civil-2014\/wp-json\/wp\/v2\/pages\/2","targetHints":{"allow":["GET"]}}],"collection":[{"href":"http:\/\/conferinte.juridice.ro\/probleme-dificile-de-drept-civil-2014\/wp-json\/wp\/v2\/pages"}],"about":[{"href":"http:\/\/conferinte.juridice.ro\/probleme-dificile-de-drept-civil-2014\/wp-json\/wp\/v2\/types\/page"}],"author":[{"embeddable":true,"href":"http:\/\/conferinte.juridice.ro\/probleme-dificile-de-drept-civil-2014\/wp-json\/wp\/v2\/users\/1"}],"replies":[{"embeddable":true,"href":"http:\/\/conferinte.juridice.ro\/probleme-dificile-de-drept-civil-2014\/wp-json\/wp\/v2\/comments?post=2"}],"version-history":[{"count":32,"href":"http:\/\/conferinte.juridice.ro\/probleme-dificile-de-drept-civil-2014\/wp-json\/wp\/v2\/pages\/2\/revisions"}],"predecessor-version":[{"id":214,"href":"http:\/\/conferinte.juridice.ro\/probleme-dificile-de-drept-civil-2014\/wp-json\/wp\/v2\/pages\/2\/revisions\/214"}],"wp:attachment":[{"href":"http:\/\/conferinte.juridice.ro\/probleme-dificile-de-drept-civil-2014\/wp-json\/wp\/v2\/media?parent=2"}],"curies":[{"name":"wp","href":"https:\/\/api.w.org\/{rel}","templated":true}]}}