{"id":11,"date":"2014-08-31T23:42:35","date_gmt":"2014-08-31T21:42:35","guid":{"rendered":"http:\/\/conferinte.juridice.ro\/probleme-dificile-de-drept-civil-2014\/?page_id=11"},"modified":"2014-09-18T19:42:07","modified_gmt":"2014-09-18T17:42:07","slug":"inscrieri","status":"publish","type":"page","link":"http:\/\/conferinte.juridice.ro\/probleme-dificile-de-drept-civil-2014\/inscrieri\/","title":{"rendered":"\u00censcrieri, reduceri \u015fi avantaje"},"content":{"rendered":"<div style=\"float: right;\"><a href=\"http:\/\/conferinte.juridice.ro\/probleme-dificile-de-drept-civil-2014\/inscrieri\/persoane-fizice\/\"><img decoding=\"async\" src=\"http:\/\/www.juridice.ro\/imagini\/depozit\/varia\/cooltext1433935467.png\" alt=\"\" \/><\/a><\/div>\n<div style=\"float: left;\"><a href=\"http:\/\/conferinte.juridice.ro\/probleme-dificile-de-drept-civil-2014\/inscrieri\/profesionisti\/\"><img loading=\"lazy\" decoding=\"async\" src=\"http:\/\/www.juridice.ro\/imagini\/depozit\/varia\/cooltext1433972889.png\" alt=\"\" width=\"316\" height=\"59\" \/><\/a><\/div>\n<hr style=\"color: #fff; background-color: #fff;\" \/>\n<p><strong>Costuri<\/strong><br \/>\nParticipare \u00een sal\u0103: <strong>400<\/strong> lei + TVA (num\u0103r de locuri limitat)<br \/>\nTransmisiune LIVE online vizionare colectiv\u0103 (proiec\u021bie):\u00a0<strong>800<\/strong> lei + TVA<br \/>\nTransmisiune LIVE online vizionare individual\u0103: <strong>80<\/strong> lei + TVA<br \/>\n<em>* acces \u00eenregistrare video inclus<\/em><\/p>\n<p><strong>Reduceri pentru participare \u00een sal\u0103<\/strong><br \/>\n1. Membrii <a title=\"Club Dezbateri Juridice\" href=\"http:\/\/dezbateri.juridice.ro\/club\" target=\"_blank\">Clubului Dezbateri Juridice<\/a>: <strong><span style=\"color: #ff0000;\">50% reducere<\/span><\/strong> (200 lei + TVA)<br \/>\n2. \u00censcrieri p\u00e2n\u0103 la <strong>12 septembrie 2014<\/strong>: 15% reducere (340 lei + TVA)<br \/>\n3. Participan\u0163i din aceea\u015fi organiza\u0163ie: 10% reducere (360 lei + TVA)<br \/>\nReducerile 2 \u015fi 3 se cumuleaz\u0103: <span style=\"color: #ff0000;\">25% reducere<\/span> (300 lei + TVA)<br \/>\n<i>Ultima zi de \u00eenscrieri:\u00a0<strong>26 septembrie 2014<\/strong><\/i><\/p>\n<p><strong>Avantaje pentru participare \u00een sal\u0103<\/strong><br \/>\n&#8211; Full-acces GRATUIT timp de un an la <a href=\"http:\/\/video.juridice.ro\" target=\"_blank\">toate \u00eenregistr\u0103rile conferin\u0163elor JURIDICE.ro<\/a><br \/>\n&#8211; Stand de carte cu reduceri speciale pentru participan\u0163i<br \/>\n&#8211; Acreditare INPPA: <strong><span style=\"color: #ff0000;\">15 puncte<\/span><\/strong><br \/>\n&#8211; Vouchere iDrept in valoare de 570 lei si care includ: iDrept Expert si Comentarii la (i) Drept civil, (ii) Codul de procedura civila si (iii) Flux civil<\/p>\n<p><strong>Avantaje pentru transmisiune LIVE online<\/strong><br \/>\n&#8211; Full-acces GRATUIT timp de un an la\u00a0<a href=\"http:\/\/video.juridice.ro\" target=\"_blank\">toate \u00eenregistr\u0103rile conferin\u0163elor JURIDICE.ro<\/a><br \/>\n&#8211; Acreditare INPPA: <strong><span style=\"color: #ff0000;\">5 puncte<\/span><\/strong><br \/>\n&#8211; Vouchere iDrept in valoare de 570 lei si care includ: iDrept Expert si Comentarii la (i) Drept civil, (ii) Codul de procedura civila si (iii) Flux civil<\/p>\n<hr \/>\n<p><strong>Informa\u0163ii suplimentare \u015fi \u00eentreb\u0103ri<\/strong><br \/>\nRoxana Tudoroiu, 0752.247.626, roxana.tudoroiu@juridice.ro \/ <a href=\"http:\/\/www.juridice.ro\/contact\/\">pagina de contact<\/a><\/p>\n<div style=\"float: right;\"><a href=\"http:\/\/conferinte.juridice.ro\/probleme-dificile-de-drept-civil-2014\/inscrieri\/persoane-fizice\/\"><img decoding=\"async\" src=\"http:\/\/www.juridice.ro\/imagini\/depozit\/varia\/cooltext1433935467.png\" alt=\"\" \/><\/a><\/div>\n<div style=\"float: left;\"><a href=\"http:\/\/conferinte.juridice.ro\/probleme-dificile-de-drept-civil-2014\/inscrieri\/profesionisti\/\"><img loading=\"lazy\" decoding=\"async\" src=\"http:\/\/www.juridice.ro\/imagini\/depozit\/varia\/cooltext1433972889.png\" alt=\"\" width=\"316\" height=\"59\" \/><\/a><\/div>\n<hr style=\"color: #fff; background-color: #fff;\" \/>\n","protected":false},"excerpt":{"rendered":"<p>Costuri Participare \u00een sal\u0103: 400 lei + TVA (num\u0103r de locuri limitat) Transmisiune LIVE online vizionare colectiv\u0103 (proiec\u021bie):\u00a0800 lei + TVA Transmisiune LIVE online vizionare individual\u0103: 80 lei + TVA * acces \u00eenregistrare video inclus Reduceri pentru participare \u00een sal\u0103 1. Membrii Clubului Dezbateri Juridice: 50% reducere (200 lei + TVA) 2. \u00censcrieri p\u00e2n\u0103 la [&hellip;]<\/p>\n","protected":false},"author":1,"featured_media":0,"parent":0,"menu_order":3,"comment_status":"open","ping_status":"open","template":"","meta":{"footnotes":""},"class_list":["post-11","page","type-page","status-publish","hentry"],"_links":{"self":[{"href":"http:\/\/conferinte.juridice.ro\/probleme-dificile-de-drept-civil-2014\/wp-json\/wp\/v2\/pages\/11","targetHints":{"allow":["GET"]}}],"collection":[{"href":"http:\/\/conferinte.juridice.ro\/probleme-dificile-de-drept-civil-2014\/wp-json\/wp\/v2\/pages"}],"about":[{"href":"http:\/\/conferinte.juridice.ro\/probleme-dificile-de-drept-civil-2014\/wp-json\/wp\/v2\/types\/page"}],"author":[{"embeddable":true,"href":"http:\/\/conferinte.juridice.ro\/probleme-dificile-de-drept-civil-2014\/wp-json\/wp\/v2\/users\/1"}],"replies":[{"embeddable":true,"href":"http:\/\/conferinte.juridice.ro\/probleme-dificile-de-drept-civil-2014\/wp-json\/wp\/v2\/comments?post=11"}],"version-history":[{"count":15,"href":"http:\/\/conferinte.juridice.ro\/probleme-dificile-de-drept-civil-2014\/wp-json\/wp\/v2\/pages\/11\/revisions"}],"predecessor-version":[{"id":83,"href":"http:\/\/conferinte.juridice.ro\/probleme-dificile-de-drept-civil-2014\/wp-json\/wp\/v2\/pages\/11\/revisions\/83"}],"wp:attachment":[{"href":"http:\/\/conferinte.juridice.ro\/probleme-dificile-de-drept-civil-2014\/wp-json\/wp\/v2\/media?parent=11"}],"curies":[{"name":"wp","href":"https:\/\/api.w.org\/{rel}","templated":true}]}}