{"id":36,"date":"2014-04-11T16:12:48","date_gmt":"2014-04-11T16:12:48","guid":{"rendered":"http:\/\/conferinte.juridice.ro\/controverse-in-materia-achizitiilor-publice-2014\/?page_id=36"},"modified":"2014-04-11T16:20:40","modified_gmt":"2014-04-11T16:20:40","slug":"inscrieri","status":"publish","type":"page","link":"http:\/\/conferinte.juridice.ro\/controverse-in-materia-achizitiilor-publice-2014\/inscrieri\/","title":{"rendered":"\u00censcrieri"},"content":{"rendered":"<div style=\"float: right;\"><a href=\"http:\/\/conferinte.juridice.ro\/controverse-in-materia-achizitiilor-publice-2014\/inscrieri\/persoane-fizice\/\"><img decoding=\"async\" onmouseover=\"this.src='http:\/\/www.juridice.ro\/imagini\/depozit\/varia\/cooltext1433935467MouseOver.png';\" onmouseout=\"this.src='http:\/\/www.juridice.ro\/imagini\/depozit\/varia\/cooltext1433935467.png';\" alt=\"\" src=\"http:\/\/www.juridice.ro\/imagini\/depozit\/varia\/cooltext1433935467.png\" \/><\/a><\/div>\n<div style=\"float: left;\"><a href=\"http:\/\/conferinte.juridice.ro\/controverse-in-materia-achizitiilor-publice-2014\/inscrieri\/profesionisti\/\"><img loading=\"lazy\" decoding=\"async\" onmouseover=\"this.src='http:\/\/www.juridice.ro\/imagini\/depozit\/varia\/cooltext1433972889MouseOver.png';\" onmouseout=\"this.src='http:\/\/www.juridice.ro\/imagini\/depozit\/varia\/cooltext1433972889.png';\" alt=\"\" src=\"http:\/\/www.juridice.ro\/imagini\/depozit\/varia\/cooltext1433972889.png\" width=\"316\" height=\"59\" \/><\/a><\/div>\n<hr style=\"color: #fff; background-color: #fff;\" \/>\n<p><strong>Costuri<\/strong><br \/>\nParticipare \u00een sal\u0103: <strong>400<\/strong> lei + TVA (num\u0103r de locuri limitat)<\/p>\n<p><strong>Reduceri<\/strong><br \/>\nParticipan\u0163i din aceea\u015fi organiza\u0163ie: 15% reducere (340 lei + TVA)<br \/>\n\u00censcrieri p\u00e2n\u0103 la <strong>30 aprilie 2014<\/strong>: 10% reducere (360 lei + TVA)<br \/>\nParticipan\u021bi \u00eenscri\u0219i \u00een catalogul Speciali\u0219ti al JURIDICE.ro, sec\u021biunea <a title=\"avocati achizitii publice\" href=\"http:\/\/specializari.juridice.ro\/avocati-achizitii-publice\" target=\"_blank\">Avoca\u021bi achizi\u021bii publice<\/a>: 10% reducere (360 lei + TVA)<br \/>\nReducerile se cumuleaz\u0103: 35% reducere (260 lei + TVA)<br \/>\n<i>Ultima zi de \u00eenscrieri:\u00a0<strong>7 mai 2014<\/strong><\/i><\/p>\n<hr \/>\n<p><strong>Informa\u0163ii suplimentare \u015fi \u00eentreb\u0103ri<\/strong><br \/>\nRoxana Tudoroiu, 0752.247.626, roxana.tudoroiu@juridice.ro \/ <a href=\"http:\/\/www.juridice.ro\/contact\/\">pagina de contact<\/a><\/p>\n<div style=\"float: right;\"><a href=\"http:\/\/conferinte.juridice.ro\/controverse-in-materia-achizitiilor-publice-2014\/inscrieri\/persoane-fizice\/\"><img decoding=\"async\" onmouseover=\"this.src='http:\/\/www.juridice.ro\/imagini\/depozit\/varia\/cooltext1433935467MouseOver.png';\" onmouseout=\"this.src='http:\/\/www.juridice.ro\/imagini\/depozit\/varia\/cooltext1433935467.png';\" alt=\"\" src=\"http:\/\/www.juridice.ro\/imagini\/depozit\/varia\/cooltext1433935467.png\" \/><\/a><\/div>\n<div style=\"float: left;\"><a href=\"http:\/\/conferinte.juridice.ro\/controverse-in-materia-achizitiilor-publice-2014\/profesionisti\/\"><img loading=\"lazy\" decoding=\"async\" onmouseover=\"this.src='http:\/\/www.juridice.ro\/imagini\/depozit\/varia\/cooltext1433972889MouseOver.png';\" onmouseout=\"this.src='http:\/\/www.juridice.ro\/imagini\/depozit\/varia\/cooltext1433972889.png';\" alt=\"\" src=\"http:\/\/www.juridice.ro\/imagini\/depozit\/varia\/cooltext1433972889.png\" width=\"316\" height=\"59\" \/><\/a><\/div>\n<hr style=\"color: #fff; background-color: #fff;\" \/>\n","protected":false},"excerpt":{"rendered":"<p>Costuri Participare \u00een sal\u0103: 400 lei + TVA (num\u0103r de locuri limitat) Reduceri Participan\u0163i din aceea\u015fi organiza\u0163ie: 15% reducere (340 lei + TVA) \u00censcrieri p\u00e2n\u0103 la 30 aprilie 2014: 10% reducere (360 lei + TVA) Participan\u021bi \u00eenscri\u0219i \u00een catalogul Speciali\u0219ti al JURIDICE.ro, sec\u021biunea Avoca\u021bi achizi\u021bii publice: 10% reducere (360 lei + TVA) Reducerile se cumuleaz\u0103: [&hellip;]<\/p>\n","protected":false},"author":1,"featured_media":0,"parent":0,"menu_order":5,"comment_status":"open","ping_status":"open","template":"","meta":{"footnotes":""},"class_list":["post-36","page","type-page","status-publish","hentry"],"_links":{"self":[{"href":"http:\/\/conferinte.juridice.ro\/controverse-in-materia-achizitiilor-publice-2014\/wp-json\/wp\/v2\/pages\/36","targetHints":{"allow":["GET"]}}],"collection":[{"href":"http:\/\/conferinte.juridice.ro\/controverse-in-materia-achizitiilor-publice-2014\/wp-json\/wp\/v2\/pages"}],"about":[{"href":"http:\/\/conferinte.juridice.ro\/controverse-in-materia-achizitiilor-publice-2014\/wp-json\/wp\/v2\/types\/page"}],"author":[{"embeddable":true,"href":"http:\/\/conferinte.juridice.ro\/controverse-in-materia-achizitiilor-publice-2014\/wp-json\/wp\/v2\/users\/1"}],"replies":[{"embeddable":true,"href":"http:\/\/conferinte.juridice.ro\/controverse-in-materia-achizitiilor-publice-2014\/wp-json\/wp\/v2\/comments?post=36"}],"version-history":[{"count":6,"href":"http:\/\/conferinte.juridice.ro\/controverse-in-materia-achizitiilor-publice-2014\/wp-json\/wp\/v2\/pages\/36\/revisions"}],"predecessor-version":[{"id":42,"href":"http:\/\/conferinte.juridice.ro\/controverse-in-materia-achizitiilor-publice-2014\/wp-json\/wp\/v2\/pages\/36\/revisions\/42"}],"wp:attachment":[{"href":"http:\/\/conferinte.juridice.ro\/controverse-in-materia-achizitiilor-publice-2014\/wp-json\/wp\/v2\/media?parent=36"}],"curies":[{"name":"wp","href":"https:\/\/api.w.org\/{rel}","templated":true}]}}