{"id":20,"date":"2014-04-11T14:59:31","date_gmt":"2014-04-11T14:59:31","guid":{"rendered":"http:\/\/conferinte.juridice.ro\/controverse-in-materia-achizitiilor-publice-2014\/?page_id=20"},"modified":"2014-04-11T15:04:28","modified_gmt":"2014-04-11T15:04:28","slug":"tematica","status":"publish","type":"page","link":"http:\/\/conferinte.juridice.ro\/controverse-in-materia-achizitiilor-publice-2014\/tematica\/","title":{"rendered":"Tematic\u0103"},"content":{"rendered":"<h2>Completarea argumenta\u0163iei din contesta\u021bie dup\u0103 studiul dosarului achizi\u0163iei<\/h2>\n<p> Identificarea limitelor \u00een care contestatorul poate valorifica informa\u0163iile noi, ob\u0163inute cu prilejul studiului dosarului achizi\u0163iei, \u00een perioada de solu\u0163ionare a contesta\u0163iei.<\/p>\n<h2>Evalu\u0103ri succesive \u00een procedura achizi\u021biilor publice<\/h2>\n<p>Posibilitatea identific\u0103rii unor motive de neconformitate noi sau diferite ale unor oferte considerate, cu prilejul evalu\u0103rilor anterioare, conforme. Posibilitatea procedural\u0103 a ofertantului desemnat c\u00e2\u015ftig\u0103tor de a invoca neconformitatea unor oferte concurente.<\/p>\n<h2>Modificarea contractelor de achizi\u0163ii publice pe parcursul execut\u0103rii acestora<\/h2>\n<p>Reglementarea cazurilor de \u00eenlocuire a contractantului ini\u0163ial, f\u0103r\u0103 a organiza o nou\u0103 procedur\u0103 de achizi\u0163ii, prin Directiva 2014\/24\/UE a Parlamentului European \u015fi a Consiliului din 26 februarie 2014 privind achizi\u0163iile publice \u015fi de abrogare a Directivei 2004\/18\/CE.<\/p>\n<h2>Obliga\u0163ia implic\u0103rii subcontractan\u0163ilor nominaliza\u0163i \u00een executarea contractului<\/h2>\n<p>Posibilitatea rezerv\u0103rii de c\u0103tre ofertant a dreptului de op\u0163iune privind implicarea subcontractan\u0163ilor nominaliza\u0163i \u00een executarea contractului.<\/p>\n<h2>Obliga\u0163ia implic\u0103rii ofertantului desemnat c\u00e2\u015ftig\u0103tor \u00een litigiul derulat \u00een leg\u0103tur\u0103 cu procedura de atribuire<\/h2>\n<p>Modalitatea procedural\u0103 de implicare \u00een procedura litigioas\u0103 \u015fi remediile efective \u00een ipoteza \u00een care un astfel de litigiu s-ar solu\u0163iona f\u0103r\u0103 ca ofertantul desemnat c\u00e2\u015ftig\u0103tor s\u0103 fi notificat.<\/p>\n","protected":false},"excerpt":{"rendered":"<p>Completarea argumenta\u0163iei din contesta\u021bie dup\u0103 studiul dosarului achizi\u0163iei Identificarea limitelor \u00een care contestatorul poate valorifica informa\u0163iile noi, ob\u0163inute cu prilejul studiului dosarului achizi\u0163iei, \u00een perioada de solu\u0163ionare a contesta\u0163iei. Evalu\u0103ri succesive \u00een procedura achizi\u021biilor publice Posibilitatea identific\u0103rii unor motive de neconformitate noi sau diferite ale unor oferte considerate, cu prilejul evalu\u0103rilor anterioare, conforme. Posibilitatea procedural\u0103 [&hellip;]<\/p>\n","protected":false},"author":1,"featured_media":0,"parent":0,"menu_order":3,"comment_status":"open","ping_status":"open","template":"","meta":{"footnotes":""},"class_list":["post-20","page","type-page","status-publish","hentry"],"_links":{"self":[{"href":"http:\/\/conferinte.juridice.ro\/controverse-in-materia-achizitiilor-publice-2014\/wp-json\/wp\/v2\/pages\/20","targetHints":{"allow":["GET"]}}],"collection":[{"href":"http:\/\/conferinte.juridice.ro\/controverse-in-materia-achizitiilor-publice-2014\/wp-json\/wp\/v2\/pages"}],"about":[{"href":"http:\/\/conferinte.juridice.ro\/controverse-in-materia-achizitiilor-publice-2014\/wp-json\/wp\/v2\/types\/page"}],"author":[{"embeddable":true,"href":"http:\/\/conferinte.juridice.ro\/controverse-in-materia-achizitiilor-publice-2014\/wp-json\/wp\/v2\/users\/1"}],"replies":[{"embeddable":true,"href":"http:\/\/conferinte.juridice.ro\/controverse-in-materia-achizitiilor-publice-2014\/wp-json\/wp\/v2\/comments?post=20"}],"version-history":[{"count":7,"href":"http:\/\/conferinte.juridice.ro\/controverse-in-materia-achizitiilor-publice-2014\/wp-json\/wp\/v2\/pages\/20\/revisions"}],"predecessor-version":[{"id":27,"href":"http:\/\/conferinte.juridice.ro\/controverse-in-materia-achizitiilor-publice-2014\/wp-json\/wp\/v2\/pages\/20\/revisions\/27"}],"wp:attachment":[{"href":"http:\/\/conferinte.juridice.ro\/controverse-in-materia-achizitiilor-publice-2014\/wp-json\/wp\/v2\/media?parent=20"}],"curies":[{"name":"wp","href":"https:\/\/api.w.org\/{rel}","templated":true}]}}