{"id":2,"date":"2014-04-11T12:55:49","date_gmt":"2014-04-11T12:55:49","guid":{"rendered":"http:\/\/conferinte.juridice.ro\/controverse-in-materia-achizitiilor-publice-2014\/?page_id=2"},"modified":"2014-04-14T22:45:39","modified_gmt":"2014-04-14T22:45:39","slug":"sample-page","status":"publish","type":"page","link":"http:\/\/conferinte.juridice.ro\/controverse-in-materia-achizitiilor-publice-2014\/","title":{"rendered":"Prezentare"},"content":{"rendered":"<p>Societatea de \u0218tiin\u021be Juridice \u0219i \u021auca Zb\u00e2rcea &amp; Asocia\u021bii v\u0103 invit\u0103 la conferin\u021ba<\/p>\n<h1 style=\"text-align: center; font-size: 30px; margin-bottom: 30px;\">Controverse \u00een materia achizi\u0163iilor publice<\/h1>\n<p style=\"text-align: center;\">Bucure\u015fti, Hotel Howard Johnson, Sala Platinum Grand Ballroom<\/p>\n<p style=\"text-align: center;\">13 mai 2014, 10:00-17:00 (Ed. a II-a)<\/p>\n<p><img loading=\"lazy\" decoding=\"async\" class=\"alignright\" alt=\"\" src=\"http:\/\/www.juridice.ro\/imagini\/depozit\/banner\/Achizitii-publice-2014-s.jpg\" width=\"300\" height=\"250\" \/><i>Evenimentul are drept scop l\u0103murirea polemicilor iscate de diversele interpret\u0103ri oferite unor chestiuni punctuale \u00een materia achizi\u0163iilor publice, precum \u015fi o mai bun\u0103 \u00een\u0163elegere a modului de aplicare a prevederilor legale \u00een aceast\u0103 materie.<\/i><\/p>\n<p><i> Discu\u021biile vor fi interactive. Vom r\u0103spunde \u00eentreb\u0103rilor dumneavoastr\u0103 \u015fi vom prezenta problemele \u015fi solu\u0163iile practice ce se pot adopta cu privire la tematica abordat\u0103.<\/i><\/p>\n<p><i>Reprezentan\u0163i marcan\u0163i ai domeniului achizi\u0163iilor publice vor participa la dezbateri pentru a analiza opiniile existente \u015fi identifica liniile de uniformizare necesare:<\/i><br \/>\n<i>&#8211; reprezentan\u0163i ai completelor de solu\u0163ionare a contesta\u0163iilor constituite la nivelul Consiliului Na\u0163ional de Solu\u0163ionare a Contesta\u0163iilor (CNSC)<\/i><br \/>\n<i>&#8211; judec\u0103tori ai sec\u0163iei de contencios administrative ai Cur\u0163ii de Apel Bucure\u015fti<\/i><br \/>\n<i>&#8211; reprezentan\u0163i ai Autorit\u0103\u0163ii Na\u0163ionale pentru Reglementarea \u015fi Monitorizarea Achizi\u0163iilor Publice (ANRMAP)<\/i><br \/>\n<i>&#8211; avoca\u0163i ai \u0162uca Zb\u00e2rcea &amp; Asocia\u0163ii specializa\u0163i \u00een achizi\u0163ii publice \u015fi contencios administrativ<\/i><\/p>\n<p>:: <a href=\"http:\/\/www.juridice.ro\/253966\/controverse-in-materia-achizitiilor-publice.html\" target=\"_blank\">Prima edi\u021bie a evenimentului<\/a><\/p>\n","protected":false},"excerpt":{"rendered":"<p>Societatea de \u0218tiin\u021be Juridice \u0219i \u021auca Zb\u00e2rcea &amp; Asocia\u021bii v\u0103 invit\u0103 la conferin\u021ba Controverse \u00een materia achizi\u0163iilor publice Bucure\u015fti, Hotel Howard Johnson, Sala Platinum Grand Ballroom 13 mai 2014, 10:00-17:00 (Ed. a II-a) Evenimentul are drept scop l\u0103murirea polemicilor iscate de diversele interpret\u0103ri oferite unor chestiuni punctuale \u00een materia achizi\u0163iilor publice, precum \u015fi o mai [&hellip;]<\/p>\n","protected":false},"author":1,"featured_media":0,"parent":0,"menu_order":0,"comment_status":"open","ping_status":"open","template":"","meta":{"footnotes":""},"class_list":["post-2","page","type-page","status-publish","hentry"],"_links":{"self":[{"href":"http:\/\/conferinte.juridice.ro\/controverse-in-materia-achizitiilor-publice-2014\/wp-json\/wp\/v2\/pages\/2","targetHints":{"allow":["GET"]}}],"collection":[{"href":"http:\/\/conferinte.juridice.ro\/controverse-in-materia-achizitiilor-publice-2014\/wp-json\/wp\/v2\/pages"}],"about":[{"href":"http:\/\/conferinte.juridice.ro\/controverse-in-materia-achizitiilor-publice-2014\/wp-json\/wp\/v2\/types\/page"}],"author":[{"embeddable":true,"href":"http:\/\/conferinte.juridice.ro\/controverse-in-materia-achizitiilor-publice-2014\/wp-json\/wp\/v2\/users\/1"}],"replies":[{"embeddable":true,"href":"http:\/\/conferinte.juridice.ro\/controverse-in-materia-achizitiilor-publice-2014\/wp-json\/wp\/v2\/comments?post=2"}],"version-history":[{"count":10,"href":"http:\/\/conferinte.juridice.ro\/controverse-in-materia-achizitiilor-publice-2014\/wp-json\/wp\/v2\/pages\/2\/revisions"}],"predecessor-version":[{"id":56,"href":"http:\/\/conferinte.juridice.ro\/controverse-in-materia-achizitiilor-publice-2014\/wp-json\/wp\/v2\/pages\/2\/revisions\/56"}],"wp:attachment":[{"href":"http:\/\/conferinte.juridice.ro\/controverse-in-materia-achizitiilor-publice-2014\/wp-json\/wp\/v2\/media?parent=2"}],"curies":[{"name":"wp","href":"https:\/\/api.w.org\/{rel}","templated":true}]}}